{"id":6390,"date":"2021-07-30T17:43:19","date_gmt":"2021-07-30T17:43:19","guid":{"rendered":"https:\/\/mbs.edu.co\/?page_id=6390"},"modified":"2025-10-16T12:30:56","modified_gmt":"2025-10-16T17:30:56","slug":"acceso-a-canvas","status":"publish","type":"page","link":"https:\/\/mbs.edu.co\/fr\/acceso-a-canvas\/","title":{"rendered":"Plateforme Canvas"},"content":{"rendered":"<div data-elementor-type=\"wp-page\" data-elementor-id=\"6390\" class=\"elementor elementor-6390\" data-elementor-post-type=\"page\">\n\t\t\t\t<div class=\"elementor-element elementor-element-52aaea9 envato-kit-141-top-0 e-flex e-con-boxed e-con e-parent\" data-id=\"52aaea9\" data-element_type=\"container\" data-e-type=\"container\" data-settings=\"{&quot;background_background&quot;:&quot;classic&quot;}\">\n\t\t\t\t\t<div class=\"e-con-inner\">\n\t\t<div class=\"elementor-element elementor-element-14aaffd e-con-full e-flex e-con e-child\" data-id=\"14aaffd\" data-element_type=\"container\" data-e-type=\"container\">\n\t\t\t\t<div class=\"elementor-element elementor-element-1cd704b elementor-widget elementor-widget-heading\" data-id=\"1cd704b\" data-element_type=\"widget\" data-e-type=\"widget\" data-settings=\"{&quot;_animation&quot;:&quot;none&quot;,&quot;_animation_delay&quot;:100}\" data-widget_type=\"heading.default\">\n\t\t\t\t\t<p class=\"elementor-heading-title elementor-size-default\">BIENVENIDOS<\/p>\t\t\t\t<\/div>\n\t\t\t\t<div class=\"elementor-element elementor-element-1c67fc2 elementor-widget elementor-widget-heading\" data-id=\"1c67fc2\" data-element_type=\"widget\" data-e-type=\"widget\" data-widget_type=\"heading.default\">\n\t\t\t\t\t<h1 class=\"elementor-heading-title elementor-size-default\">Plataforma de aprendizaje LMS<\/h1>\t\t\t\t<\/div>\n\t\t\t\t<div class=\"elementor-element elementor-element-3b73867 elementor-widget-divider--view-line elementor-widget elementor-widget-divider\" data-id=\"3b73867\" data-element_type=\"widget\" data-e-type=\"widget\" data-settings=\"{&quot;_animation&quot;:&quot;none&quot;,&quot;_animation_delay&quot;:150}\" data-widget_type=\"divider.default\">\n\t\t\t\t\t\t\t<div class=\"elementor-divider\">\n\t\t\t<span class=\"elementor-divider-separator\">\n\t\t\t\t\t\t<\/span>\n\t\t<\/div>\n\t\t\t\t\t\t<\/div>\n\t\t\t\t<div class=\"elementor-element elementor-element-7993433 elementor-widget elementor-widget-text-editor\" data-id=\"7993433\" data-element_type=\"widget\" data-e-type=\"widget\" data-widget_type=\"text-editor.default\">\n\t\t\t\t\t\t\t\t\t<div>Los educadores tienen el poder de transformar la vida de las personas con su labor. <b>Canvas<\/b> no la entorpece, sino que hace que esa labor transformadora sea m\u00e1s f\u00e1cil\u00a0de compartir y de\u00a0llevar a cabo.<\/div>\t\t\t\t\t\t\t\t<\/div>\n\t\t\t\t<div class=\"elementor-element elementor-element-342c0fc elementor-shape-rounded elementor-grid-0 elementor-widget elementor-widget-social-icons\" data-id=\"342c0fc\" data-element_type=\"widget\" data-e-type=\"widget\" data-widget_type=\"social-icons.default\">\n\t\t\t\t\t\t\t<div class=\"elementor-social-icons-wrapper elementor-grid\" role=\"list\">\n\t\t\t\t\t\t\t<span class=\"elementor-grid-item\" role=\"listitem\">\n\t\t\t\t\t<a class=\"elementor-icon elementor-social-icon elementor-social-icon-facebook-f elementor-repeater-item-5bed563\" href=\"https:\/\/www.facebook.com\/CanvasLMS\" target=\"_blank\">\n\t\t\t\t\t\t<span class=\"elementor-screen-only\">Facebook-f<\/span>\n\t\t\t\t\t\t<svg aria-hidden=\"true\" class=\"e-font-icon-svg e-fab-facebook-f\" viewbox=\"0 0 320 512\" xmlns=\"http:\/\/www.w3.org\/2000\/svg\"><path d=\"M279.14 288l14.22-92.66h-88.91v-60.13c0-25.35 12.42-50.06 52.24-50.06h40.42V6.26S260.43 0 225.36 0c-73.22 0-121.08 44.38-121.08 124.72v70.62H22.89V288h81.39v224h100.17V288z\"><\/path><\/svg>\t\t\t\t\t<\/a>\n\t\t\t\t<\/span>\n\t\t\t\t\t\t\t<span class=\"elementor-grid-item\" role=\"listitem\">\n\t\t\t\t\t<a class=\"elementor-icon elementor-social-icon elementor-social-icon-twitter elementor-repeater-item-a4a48a6\" href=\"https:\/\/twitter.com\/CanvasLMS?ref_src=twsrc%5Egoogle%7Ctwcamp%5Eserp%7Ctwgr%5Eauthor\" target=\"_blank\">\n\t\t\t\t\t\t<span class=\"elementor-screen-only\">Twitter<\/span>\n\t\t\t\t\t\t<svg aria-hidden=\"true\" class=\"e-font-icon-svg e-fab-twitter\" viewbox=\"0 0 512 512\" xmlns=\"http:\/\/www.w3.org\/2000\/svg\"><path d=\"M459.37 151.716c.325 4.548.325 9.097.325 13.645 0 138.72-105.583 298.558-298.558 298.558-59.452 0-114.68-17.219-161.137-47.106 8.447.974 16.568 1.299 25.34 1.299 49.055 0 94.213-16.568 130.274-44.832-46.132-.975-84.792-31.188-98.112-72.772 6.498.974 12.995 1.624 19.818 1.624 9.421 0 18.843-1.3 27.614-3.573-48.081-9.747-84.143-51.98-84.143-102.985v-1.299c13.969 7.797 30.214 12.67 47.431 13.319-28.264-18.843-46.781-51.005-46.781-87.391 0-19.492 5.197-37.36 14.294-52.954 51.655 63.675 129.3 105.258 216.365 109.807-1.624-7.797-2.599-15.918-2.599-24.04 0-57.828 46.782-104.934 104.934-104.934 30.213 0 57.502 12.67 76.67 33.137 23.715-4.548 46.456-13.32 66.599-25.34-7.798 24.366-24.366 44.833-46.132 57.827 21.117-2.273 41.584-8.122 60.426-16.243-14.292 20.791-32.161 39.308-52.628 54.253z\"><\/path><\/svg>\t\t\t\t\t<\/a>\n\t\t\t\t<\/span>\n\t\t\t\t\t\t\t<span class=\"elementor-grid-item\" role=\"listitem\">\n\t\t\t\t\t<a class=\"elementor-icon elementor-social-icon elementor-social-icon-linkedin-in elementor-repeater-item-63a961a\" href=\"https:\/\/www.linkedin.com\/company\/instructure-inc-\" target=\"_blank\">\n\t\t\t\t\t\t<span class=\"elementor-screen-only\">Linkedin-in<\/span>\n\t\t\t\t\t\t<svg aria-hidden=\"true\" class=\"e-font-icon-svg e-fab-linkedin-in\" viewbox=\"0 0 448 512\" xmlns=\"http:\/\/www.w3.org\/2000\/svg\"><path d=\"M100.28 448H7.4V148.9h92.88zM53.79 108.1C24.09 108.1 0 83.5 0 53.8a53.79 53.79 0 0 1 107.58 0c0 29.7-24.1 54.3-53.79 54.3zM447.9 448h-92.68V302.4c0-34.7-.7-79.2-48.29-79.2-48.29 0-55.69 37.7-55.69 76.7V448h-92.78V148.9h89.08v40.8h1.3c12.4-23.5 42.69-48.3 87.88-48.3 94 0 111.28 61.9 111.28 142.3V448z\"><\/path><\/svg>\t\t\t\t\t<\/a>\n\t\t\t\t<\/span>\n\t\t\t\t\t\t\t<span class=\"elementor-grid-item\" role=\"listitem\">\n\t\t\t\t\t<a class=\"elementor-icon elementor-social-icon elementor-social-icon-instagram elementor-repeater-item-fa71646\" href=\"https:\/\/www.instagram.com\/canvaslms\/?hl=en\" target=\"_blank\">\n\t\t\t\t\t\t<span class=\"elementor-screen-only\">Instagram<\/span>\n\t\t\t\t\t\t<svg aria-hidden=\"true\" class=\"e-font-icon-svg e-fab-instagram\" viewbox=\"0 0 448 512\" xmlns=\"http:\/\/www.w3.org\/2000\/svg\"><path d=\"M224.1 141c-63.6 0-114.9 51.3-114.9 114.9s51.3 114.9 114.9 114.9S339 319.5 339 255.9 287.7 141 224.1 141zm0 189.6c-41.1 0-74.7-33.5-74.7-74.7s33.5-74.7 74.7-74.7 74.7 33.5 74.7 74.7-33.6 74.7-74.7 74.7zm146.4-194.3c0 14.9-12 26.8-26.8 26.8-14.9 0-26.8-12-26.8-26.8s12-26.8 26.8-26.8 26.8 12 26.8 26.8zm76.1 27.2c-1.7-35.9-9.9-67.7-36.2-93.9-26.2-26.2-58-34.4-93.9-36.2-37-2.1-147.9-2.1-184.9 0-35.8 1.7-67.6 9.9-93.9 36.1s-34.4 58-36.2 93.9c-2.1 37-2.1 147.9 0 184.9 1.7 35.9 9.9 67.7 36.2 93.9s58 34.4 93.9 36.2c37 2.1 147.9 2.1 184.9 0 35.9-1.7 67.7-9.9 93.9-36.2 26.2-26.2 34.4-58 36.2-93.9 2.1-37 2.1-147.8 0-184.8zM398.8 388c-7.8 19.6-22.9 34.7-42.6 42.6-29.5 11.7-99.5 9-132.1 9s-102.7 2.6-132.1-9c-19.6-7.8-34.7-22.9-42.6-42.6-11.7-29.5-9-99.5-9-132.1s-2.6-102.7 9-132.1c7.8-19.6 22.9-34.7 42.6-42.6 29.5-11.7 99.5-9 132.1-9s102.7-2.6 132.1 9c19.6 7.8 34.7 22.9 42.6 42.6 11.7 29.5 9 99.5 9 132.1s2.7 102.7-9 132.1z\"><\/path><\/svg>\t\t\t\t\t<\/a>\n\t\t\t\t<\/span>\n\t\t\t\t\t<\/div>\n\t\t\t\t\t\t<\/div>\n\t\t\t\t<\/div>\n\t\t<div class=\"elementor-element elementor-element-50e5559 e-con-full e-flex e-con e-child\" data-id=\"50e5559\" data-element_type=\"container\" data-e-type=\"container\">\n\t\t\t\t<div class=\"elementor-element elementor-element-5ad21c3 elementor-widget elementor-widget-image\" data-id=\"5ad21c3\" data-element_type=\"widget\" data-e-type=\"widget\" data-widget_type=\"image.default\">\n\t\t\t\t\t\t\t\t\t\t\t\t\t\t\t<img fetchpriority=\"high\" decoding=\"async\" width=\"300\" height=\"229\" src=\"https:\/\/mbs.edu.co\/wp-content\/uploads\/2021\/07\/logo-canvas.png\" class=\"attachment-full size-full wp-image-6403\" alt=\"\" \/>\t\t\t\t\t\t\t\t\t\t\t\t\t\t\t<\/div>\n\t\t\t\t<div class=\"elementor-element elementor-element-324e927 elementor-widget elementor-widget-heading\" data-id=\"324e927\" data-element_type=\"widget\" data-e-type=\"widget\" data-settings=\"{&quot;_animation&quot;:&quot;none&quot;,&quot;_animation_delay&quot;:100}\" data-widget_type=\"heading.default\">\n\t\t\t\t\t<h2 class=\"elementor-heading-title elementor-size-default\"><b>RECUERDA:<\/b> <\/h2>\t\t\t\t<\/div>\n\t\t\t\t<div class=\"elementor-element elementor-element-8fa737c elementor-widget elementor-widget-heading\" data-id=\"8fa737c\" data-element_type=\"widget\" data-e-type=\"widget\" data-settings=\"{&quot;_animation&quot;:&quot;none&quot;,&quot;_animation_delay&quot;:100}\" data-widget_type=\"heading.default\">\n\t\t\t\t\t<h3 class=\"elementor-heading-title elementor-size-default\">El ingreso a la plataforma es con tu <b>correo institucional<\/h3>\t\t\t\t<\/div>\n\t\t\t\t<div class=\"elementor-element elementor-element-cf8c94e elementor-widget elementor-widget-heading\" data-id=\"cf8c94e\" data-element_type=\"widget\" data-e-type=\"widget\" data-widget_type=\"heading.default\">\n\t\t\t\t\t<p class=\"elementor-heading-title elementor-size-default\">Ofrece aprendizaje din\u00e1mico y atractivo para todos, en todas partes y \ntodos los d\u00edas. Canvas es una base s\u00f3lida para cada aspecto de la \neducaci\u00f3n. <br> No por nada es el <b>LMS N\u00b01 del planeta<\/b>.<\/p>\t\t\t\t<\/div>\n\t\t\t\t<div class=\"elementor-element elementor-element-3fa970f elementor-widget elementor-widget-heading\" data-id=\"3fa970f\" data-element_type=\"widget\" data-e-type=\"widget\" data-settings=\"{&quot;_animation&quot;:&quot;none&quot;,&quot;_animation_delay&quot;:100}\" data-widget_type=\"heading.default\">\n\t\t\t\t\t<h2 class=\"elementor-heading-title elementor-size-default\"><b>PASO 1.<\/b><\/h2>\t\t\t\t<\/div>\n\t\t\t\t<div class=\"elementor-element elementor-element-1eacefd elementor-widget elementor-widget-text-editor\" data-id=\"1eacefd\" data-element_type=\"widget\" data-e-type=\"widget\" data-widget_type=\"text-editor.default\">\n\t\t\t\t\t\t\t\t\t<p>Recuerda iniciar sesi\u00f3n con la cuenta MBS asignada al estudiante<\/p>\t\t\t\t\t\t\t\t<\/div>\n\t\t\t\t<div class=\"elementor-element elementor-element-f425fba elementor-widget elementor-widget-text-editor\" data-id=\"f425fba\" data-element_type=\"widget\" data-e-type=\"widget\" data-widget_type=\"text-editor.default\">\n\t\t\t\t\t\t\t\t\t<p><a href=\"https:\/\/accounts.google.com\/signin\/v2\/identifier?service=accountsettings&amp;continue=https%3A%2F%2Fmyaccount.google.com%2F&amp;ec=GAlAwAE&amp;flowName=GlifWebSignIn&amp;flowEntry=AddSession\" target=\"popup\">Inicia sesi\u00f3n aqu\u00ed<br \/><\/a><\/p>\t\t\t\t\t\t\t\t<\/div>\n\t\t\t\t<div class=\"elementor-element elementor-element-e1471a1 elementor-widget elementor-widget-heading\" data-id=\"e1471a1\" data-element_type=\"widget\" data-e-type=\"widget\" data-settings=\"{&quot;_animation&quot;:&quot;none&quot;,&quot;_animation_delay&quot;:100}\" data-widget_type=\"heading.default\">\n\t\t\t\t\t<h2 class=\"elementor-heading-title elementor-size-default\">PASO 2.<\/h2>\t\t\t\t<\/div>\n\t\t\t\t<div class=\"elementor-element elementor-element-3b494a5 elementor-widget elementor-widget-text-editor\" data-id=\"3b494a5\" data-element_type=\"widget\" data-e-type=\"widget\" data-widget_type=\"text-editor.default\">\n\t\t\t\t\t\t\t\t\t<p>Ingresa al portal\u00a0<\/p>\t\t\t\t\t\t\t\t<\/div>\n\t\t\t\t<div class=\"elementor-element elementor-element-a6cc1ef elementor-widget elementor-widget-image\" data-id=\"a6cc1ef\" data-element_type=\"widget\" data-e-type=\"widget\" data-widget_type=\"image.default\">\n\t\t\t\t\t\t\t\t\t\t\t\t\t\t\t\t<a href=\"https:\/\/virtualmbs.instructure.com\" target=\"_blank\">\n\t\t\t\t\t\t\t<img decoding=\"async\" width=\"1024\" height=\"352\" src=\"https:\/\/mbs.edu.co\/wp-content\/uploads\/2022\/02\/Botones_Canvas-1024x352.png\" class=\"attachment-large size-large wp-image-10377\" alt=\"\" srcset=\"https:\/\/mbs.edu.co\/wp-content\/uploads\/2022\/02\/Botones_Canvas-1024x352.png 1024w, https:\/\/mbs.edu.co\/wp-content\/uploads\/2022\/02\/Botones_Canvas-300x103.png 300w, https:\/\/mbs.edu.co\/wp-content\/uploads\/2022\/02\/Botones_Canvas-768x264.png 768w, https:\/\/mbs.edu.co\/wp-content\/uploads\/2022\/02\/Botones_Canvas-1536x528.png 1536w, https:\/\/mbs.edu.co\/wp-content\/uploads\/2022\/02\/Botones_Canvas.png 1722w\" sizes=\"(max-width: 1024px) 100vw, 1024px\" \/>\t\t\t\t\t\t\t\t<\/a>\n\t\t\t\t\t\t\t\t\t\t\t\t\t\t\t<\/div>\n\t\t\t\t<\/div>\n\t\t\t\t\t<\/div>\n\t\t\t\t<\/div>\n\t\t\t\t<\/div>","protected":false},"excerpt":{"rendered":"<p>BIENVENIDOS Plataforma de aprendizaje LMS Los educadores tienen el poder de transformar la vida de las personas con su labor. Canvas no la entorpece, sino que hace que esa labor transformadora sea m\u00e1s f\u00e1cil\u00a0de compartir y de\u00a0llevar a cabo. Facebook-f Twitter Linkedin-in Instagram RECUERDA: El ingreso a la plataforma es con tu correo institucional Ofrece&hellip;&nbsp;<a href=\"https:\/\/mbs.edu.co\/fr\/acceso-a-canvas\/\" rel=\"bookmark\">Lire la suite &raquo;<span class=\"screen-reader-text\">Plateforme Canvas<\/span><\/a><\/p>","protected":false},"author":6,"featured_media":0,"parent":0,"menu_order":0,"comment_status":"closed","ping_status":"closed","template":"","meta":{"neve_meta_sidebar":"full-width","neve_meta_container":"","neve_meta_enable_content_width":"on","neve_meta_content_width":100,"neve_meta_title_alignment":"","neve_meta_author_avatar":"","neve_post_elements_order":"","neve_meta_disable_header":"","neve_meta_disable_footer":"","neve_meta_disable_title":"","footnotes":""},"class_list":["post-6390","page","type-page","status-publish","hentry"],"yoast_head":"<!-- This site is optimized with the Yoast SEO plugin v27.4 - https:\/\/yoast.com\/product\/yoast-seo-wordpress\/ -->\n<title>Acceso a Canvas &#8226; Montessori British School<\/title>\n<meta name=\"description\" content=\"Los educadores tienen el poder de transformar la vida de las personas con su labor. Canvas no la entorpece, sino que hace que la hace mejor.\" \/>\n<meta name=\"robots\" content=\"index, follow, max-snippet:-1, max-image-preview:large, max-video-preview:-1\" \/>\n<link rel=\"canonical\" href=\"https:\/\/mbs.edu.co\/fr\/acceso-a-canvas\/\" \/>\n<meta property=\"og:locale\" content=\"fr_FR\" \/>\n<meta property=\"og:type\" content=\"article\" \/>\n<meta property=\"og:title\" content=\"Acceso a Canvas &#8226; Montessori British School\" \/>\n<meta property=\"og:description\" content=\"Los educadores tienen el poder de transformar la vida de las personas con su labor. Canvas no la entorpece, sino que hace que la hace mejor.\" \/>\n<meta property=\"og:url\" content=\"https:\/\/mbs.edu.co\/fr\/acceso-a-canvas\/\" \/>\n<meta property=\"og:site_name\" content=\"Montessori British School\" \/>\n<meta property=\"article:publisher\" content=\"https:\/\/www.facebook.com\/montessoribritishschool\" \/>\n<meta property=\"article:modified_time\" content=\"2025-10-16T17:30:56+00:00\" \/>\n<meta property=\"og:image\" content=\"https:\/\/mbs.edu.co\/wp-content\/uploads\/2021\/07\/logo-canvas.png\" \/>\n\t<meta property=\"og:image:width\" content=\"300\" \/>\n\t<meta property=\"og:image:height\" content=\"229\" \/>\n\t<meta property=\"og:image:type\" content=\"image\/png\" \/>\n<meta name=\"twitter:card\" content=\"summary_large_image\" \/>\n<meta name=\"twitter:label1\" content=\"Dur\u00e9e de lecture estim\u00e9e\" \/>\n\t<meta name=\"twitter:data1\" content=\"1 minute\" \/>\n<script type=\"application\/ld+json\" class=\"yoast-schema-graph\">{\"@context\":\"https:\\\/\\\/schema.org\",\"@graph\":[{\"@type\":\"WebPage\",\"@id\":\"https:\\\/\\\/mbs.edu.co\\\/acceso-a-canvas\\\/\",\"url\":\"https:\\\/\\\/mbs.edu.co\\\/acceso-a-canvas\\\/\",\"name\":\"Acceso a Canvas &#8226; Montessori British School\",\"isPartOf\":{\"@id\":\"https:\\\/\\\/mbs.edu.co\\\/#website\"},\"primaryImageOfPage\":{\"@id\":\"https:\\\/\\\/mbs.edu.co\\\/acceso-a-canvas\\\/#primaryimage\"},\"image\":{\"@id\":\"https:\\\/\\\/mbs.edu.co\\\/acceso-a-canvas\\\/#primaryimage\"},\"thumbnailUrl\":\"https:\\\/\\\/mbs.edu.co\\\/wp-content\\\/uploads\\\/2021\\\/07\\\/logo-canvas.png\",\"datePublished\":\"2021-07-30T17:43:19+00:00\",\"dateModified\":\"2025-10-16T17:30:56+00:00\",\"description\":\"Los educadores tienen el poder de transformar la vida de las personas con su labor. Canvas no la entorpece, sino que hace que la hace mejor.\",\"breadcrumb\":{\"@id\":\"https:\\\/\\\/mbs.edu.co\\\/acceso-a-canvas\\\/#breadcrumb\"},\"inLanguage\":\"fr-FR\",\"potentialAction\":[{\"@type\":\"ReadAction\",\"target\":[\"https:\\\/\\\/mbs.edu.co\\\/acceso-a-canvas\\\/\"]}]},{\"@type\":\"ImageObject\",\"inLanguage\":\"fr-FR\",\"@id\":\"https:\\\/\\\/mbs.edu.co\\\/acceso-a-canvas\\\/#primaryimage\",\"url\":\"https:\\\/\\\/mbs.edu.co\\\/wp-content\\\/uploads\\\/2021\\\/07\\\/logo-canvas.png\",\"contentUrl\":\"https:\\\/\\\/mbs.edu.co\\\/wp-content\\\/uploads\\\/2021\\\/07\\\/logo-canvas.png\"},{\"@type\":\"BreadcrumbList\",\"@id\":\"https:\\\/\\\/mbs.edu.co\\\/acceso-a-canvas\\\/#breadcrumb\",\"itemListElement\":[{\"@type\":\"ListItem\",\"position\":1,\"name\":\"Portada\",\"item\":\"https:\\\/\\\/mbs.edu.co\\\/\"},{\"@type\":\"ListItem\",\"position\":2,\"name\":\"Acceso a Canvas\"}]},{\"@type\":\"WebSite\",\"@id\":\"https:\\\/\\\/mbs.edu.co\\\/#website\",\"url\":\"https:\\\/\\\/mbs.edu.co\\\/\",\"name\":\"Montessori British School\",\"description\":\"Colegio mixto calendario B, internacional, multiling\u00fce e intercultural que basa su ense\u00f1anza en la creatividad y la expresi\u00f3n.\",\"publisher\":{\"@id\":\"https:\\\/\\\/mbs.edu.co\\\/#organization\"},\"potentialAction\":[{\"@type\":\"SearchAction\",\"target\":{\"@type\":\"EntryPoint\",\"urlTemplate\":\"https:\\\/\\\/mbs.edu.co\\\/?s={search_term_string}\"},\"query-input\":{\"@type\":\"PropertyValueSpecification\",\"valueRequired\":true,\"valueName\":\"search_term_string\"}}],\"inLanguage\":\"fr-FR\"},{\"@type\":\"Organization\",\"@id\":\"https:\\\/\\\/mbs.edu.co\\\/#organization\",\"name\":\"Montessori British School\",\"url\":\"https:\\\/\\\/mbs.edu.co\\\/\",\"logo\":{\"@type\":\"ImageObject\",\"inLanguage\":\"fr-FR\",\"@id\":\"https:\\\/\\\/mbs.edu.co\\\/#\\\/schema\\\/logo\\\/image\\\/\",\"url\":\"https:\\\/\\\/mbs.edu.co\\\/wp-content\\\/uploads\\\/2020\\\/10\\\/LOGO-MBS-montessori-2.png\",\"contentUrl\":\"https:\\\/\\\/mbs.edu.co\\\/wp-content\\\/uploads\\\/2020\\\/10\\\/LOGO-MBS-montessori-2.png\",\"width\":800,\"height\":366,\"caption\":\"Montessori British School\"},\"image\":{\"@id\":\"https:\\\/\\\/mbs.edu.co\\\/#\\\/schema\\\/logo\\\/image\\\/\"},\"sameAs\":[\"https:\\\/\\\/www.facebook.com\\\/montessoribritishschool\",\"https:\\\/\\\/www.instagram.com\\\/oficialmbs\\\/\",\"https:\\\/\\\/www.linkedin.com\\\/company\\\/montessori-british-school-mbs\\\/mycompany\\\/?viewAsMember=true\"]}]}<\/script>\n<!-- \/ Yoast SEO plugin. -->","yoast_head_json":{"title":"Acceso a Canvas &#8226; Montessori British School","description":"Los educadores tienen el poder de transformar la vida de las personas con su labor. Canvas no la entorpece, sino que hace que la hace mejor.","robots":{"index":"index","follow":"follow","max-snippet":"max-snippet:-1","max-image-preview":"max-image-preview:large","max-video-preview":"max-video-preview:-1"},"canonical":"https:\/\/mbs.edu.co\/fr\/acceso-a-canvas\/","og_locale":"fr_FR","og_type":"article","og_title":"Acceso a Canvas &#8226; Montessori British School","og_description":"Los educadores tienen el poder de transformar la vida de las personas con su labor. Canvas no la entorpece, sino que hace que la hace mejor.","og_url":"https:\/\/mbs.edu.co\/fr\/acceso-a-canvas\/","og_site_name":"Montessori British School","article_publisher":"https:\/\/www.facebook.com\/montessoribritishschool","article_modified_time":"2025-10-16T17:30:56+00:00","og_image":[{"width":300,"height":229,"url":"https:\/\/mbs.edu.co\/wp-content\/uploads\/2021\/07\/logo-canvas.png","type":"image\/png"}],"twitter_card":"summary_large_image","twitter_misc":{"Dur\u00e9e de lecture estim\u00e9e":"1 minute"},"schema":{"@context":"https:\/\/schema.org","@graph":[{"@type":"WebPage","@id":"https:\/\/mbs.edu.co\/acceso-a-canvas\/","url":"https:\/\/mbs.edu.co\/acceso-a-canvas\/","name":"Acceso a Canvas &#8226; Montessori British School","isPartOf":{"@id":"https:\/\/mbs.edu.co\/#website"},"primaryImageOfPage":{"@id":"https:\/\/mbs.edu.co\/acceso-a-canvas\/#primaryimage"},"image":{"@id":"https:\/\/mbs.edu.co\/acceso-a-canvas\/#primaryimage"},"thumbnailUrl":"https:\/\/mbs.edu.co\/wp-content\/uploads\/2021\/07\/logo-canvas.png","datePublished":"2021-07-30T17:43:19+00:00","dateModified":"2025-10-16T17:30:56+00:00","description":"Los educadores tienen el poder de transformar la vida de las personas con su labor. Canvas no la entorpece, sino que hace que la hace mejor.","breadcrumb":{"@id":"https:\/\/mbs.edu.co\/acceso-a-canvas\/#breadcrumb"},"inLanguage":"fr-FR","potentialAction":[{"@type":"ReadAction","target":["https:\/\/mbs.edu.co\/acceso-a-canvas\/"]}]},{"@type":"ImageObject","inLanguage":"fr-FR","@id":"https:\/\/mbs.edu.co\/acceso-a-canvas\/#primaryimage","url":"https:\/\/mbs.edu.co\/wp-content\/uploads\/2021\/07\/logo-canvas.png","contentUrl":"https:\/\/mbs.edu.co\/wp-content\/uploads\/2021\/07\/logo-canvas.png"},{"@type":"BreadcrumbList","@id":"https:\/\/mbs.edu.co\/acceso-a-canvas\/#breadcrumb","itemListElement":[{"@type":"ListItem","position":1,"name":"Portada","item":"https:\/\/mbs.edu.co\/"},{"@type":"ListItem","position":2,"name":"Acceso a Canvas"}]},{"@type":"WebSite","@id":"https:\/\/mbs.edu.co\/#website","url":"https:\/\/mbs.edu.co\/","name":"Montessori British School","description":"Colegio mixto calendario B, internacional, multiling\u00fce e intercultural que basa su ense\u00f1anza en la creatividad y la expresi\u00f3n.","publisher":{"@id":"https:\/\/mbs.edu.co\/#organization"},"potentialAction":[{"@type":"SearchAction","target":{"@type":"EntryPoint","urlTemplate":"https:\/\/mbs.edu.co\/?s={search_term_string}"},"query-input":{"@type":"PropertyValueSpecification","valueRequired":true,"valueName":"search_term_string"}}],"inLanguage":"fr-FR"},{"@type":"Organization","@id":"https:\/\/mbs.edu.co\/#organization","name":"Montessori British School","url":"https:\/\/mbs.edu.co\/","logo":{"@type":"ImageObject","inLanguage":"fr-FR","@id":"https:\/\/mbs.edu.co\/#\/schema\/logo\/image\/","url":"https:\/\/mbs.edu.co\/wp-content\/uploads\/2020\/10\/LOGO-MBS-montessori-2.png","contentUrl":"https:\/\/mbs.edu.co\/wp-content\/uploads\/2020\/10\/LOGO-MBS-montessori-2.png","width":800,"height":366,"caption":"Montessori British School"},"image":{"@id":"https:\/\/mbs.edu.co\/#\/schema\/logo\/image\/"},"sameAs":["https:\/\/www.facebook.com\/montessoribritishschool","https:\/\/www.instagram.com\/oficialmbs\/","https:\/\/www.linkedin.com\/company\/montessori-british-school-mbs\/mycompany\/?viewAsMember=true"]}]}},"_links":{"self":[{"href":"https:\/\/mbs.edu.co\/fr\/wp-json\/wp\/v2\/pages\/6390","targetHints":{"allow":["GET"]}}],"collection":[{"href":"https:\/\/mbs.edu.co\/fr\/wp-json\/wp\/v2\/pages"}],"about":[{"href":"https:\/\/mbs.edu.co\/fr\/wp-json\/wp\/v2\/types\/page"}],"author":[{"embeddable":true,"href":"https:\/\/mbs.edu.co\/fr\/wp-json\/wp\/v2\/users\/6"}],"replies":[{"embeddable":true,"href":"https:\/\/mbs.edu.co\/fr\/wp-json\/wp\/v2\/comments?post=6390"}],"version-history":[{"count":84,"href":"https:\/\/mbs.edu.co\/fr\/wp-json\/wp\/v2\/pages\/6390\/revisions"}],"predecessor-version":[{"id":47728,"href":"https:\/\/mbs.edu.co\/fr\/wp-json\/wp\/v2\/pages\/6390\/revisions\/47728"}],"wp:attachment":[{"href":"https:\/\/mbs.edu.co\/fr\/wp-json\/wp\/v2\/media?parent=6390"}],"curies":[{"name":"wp","href":"https:\/\/api.w.org\/{rel}","templated":true}]}}