{"id":7340,"date":"2021-08-25T22:26:21","date_gmt":"2021-08-25T22:26:21","guid":{"rendered":"https:\/\/mbs.edu.co\/?page_id=7340"},"modified":"2026-04-06T08:45:20","modified_gmt":"2026-04-06T13:45:20","slug":"menu-mbs","status":"publish","type":"page","link":"https:\/\/mbs.edu.co\/en\/menu-mbs\/","title":{"rendered":"Alimentaci\u00f3n MBS"},"content":{"rendered":"<div data-elementor-type=\"wp-page\" data-elementor-id=\"7340\" class=\"elementor elementor-7340\" data-elementor-post-type=\"page\">\n\t\t\t\t<div class=\"elementor-element elementor-element-1ce68d2 envato-kit-141-top-0 e-con-full e-flex e-con e-parent\" data-id=\"1ce68d2\" data-element_type=\"container\" data-e-type=\"container\" data-settings=\"{&quot;background_background&quot;:&quot;classic&quot;}\">\n\t\t<div class=\"elementor-element elementor-element-3672f37 e-con-full e-flex e-con e-child\" data-id=\"3672f37\" data-element_type=\"container\" data-e-type=\"container\">\n\t\t\t\t<div class=\"elementor-element elementor-element-ccba65c elementor-invisible elementor-widget elementor-widget-heading\" data-id=\"ccba65c\" data-element_type=\"widget\" data-e-type=\"widget\" data-settings=\"{&quot;_animation&quot;:&quot;fadeIn&quot;,&quot;_animation_delay&quot;:100}\" data-widget_type=\"heading.default\">\n\t\t\t\t\t<p class=\"elementor-heading-title elementor-size-default\">Montessori British School<\/p>\t\t\t\t<\/div>\n\t\t\t\t<div class=\"elementor-element elementor-element-78c7030 elementor-widget-divider--view-line elementor-invisible elementor-widget elementor-widget-divider\" data-id=\"78c7030\" data-element_type=\"widget\" data-e-type=\"widget\" data-settings=\"{&quot;_animation&quot;:&quot;fadeIn&quot;,&quot;_animation_delay&quot;:150}\" data-widget_type=\"divider.default\">\n\t\t\t\t\t\t\t<div class=\"elementor-divider\">\n\t\t\t<span class=\"elementor-divider-separator\">\n\t\t\t\t\t\t<\/span>\n\t\t<\/div>\n\t\t\t\t\t\t<\/div>\n\t\t\t\t<div class=\"elementor-element elementor-element-f2a1408 elementor-invisible elementor-widget elementor-widget-heading\" data-id=\"f2a1408\" data-element_type=\"widget\" data-e-type=\"widget\" data-settings=\"{&quot;_animation&quot;:&quot;fadeIn&quot;,&quot;_animation_delay&quot;:50}\" data-widget_type=\"heading.default\">\n\t\t\t\t\t<h1 class=\"elementor-heading-title elementor-size-default\">Our daily menu <\/h1>\t\t\t\t<\/div>\n\t\t\t\t<div class=\"elementor-element elementor-element-43649b9 elementor-invisible elementor-widget elementor-widget-heading\" data-id=\"43649b9\" data-element_type=\"widget\" data-e-type=\"widget\" data-settings=\"{&quot;_animation&quot;:&quot;fadeIn&quot;,&quot;_animation_delay&quot;:50}\" data-widget_type=\"heading.default\">\n\t\t\t\t\t<h3 class=\"elementor-heading-title elementor-size-default\">6 DE ABRIL  -  11 DE ABRIL<\/h3>\t\t\t\t<\/div>\n\t\t\t\t<\/div>\n\t\t\t\t<\/div>\n\t\t<div class=\"elementor-element elementor-element-1ef70b8 e-flex e-con-boxed e-con e-parent\" data-id=\"1ef70b8\" data-element_type=\"container\" data-e-type=\"container\">\n\t\t\t\t\t<div class=\"e-con-inner\">\n\t\t<div class=\"elementor-element elementor-element-1d1ee74 e-con-full e-flex e-con e-child\" data-id=\"1d1ee74\" data-element_type=\"container\" data-e-type=\"container\">\n\t\t\t\t<div class=\"elementor-element elementor-element-94ea692 elementor-widget elementor-widget-image\" data-id=\"94ea692\" data-element_type=\"widget\" data-e-type=\"widget\" data-widget_type=\"image.default\">\n\t\t\t\t\t\t\t\t\t\t\t\t\t\t\t<img fetchpriority=\"high\" decoding=\"async\" width=\"721\" height=\"1024\" src=\"https:\/\/mbs.edu.co\/wp-content\/uploads\/2026\/04\/1SEM-ALM-ABR-2025-2026-721x1024.jpg\" class=\"attachment-large size-large wp-image-49547\" alt=\"\" srcset=\"https:\/\/mbs.edu.co\/wp-content\/uploads\/2026\/04\/1SEM-ALM-ABR-2025-2026-721x1024.jpg 721w, https:\/\/mbs.edu.co\/wp-content\/uploads\/2026\/04\/1SEM-ALM-ABR-2025-2026-211x300.jpg 211w, https:\/\/mbs.edu.co\/wp-content\/uploads\/2026\/04\/1SEM-ALM-ABR-2025-2026-8x12.jpg 8w, https:\/\/mbs.edu.co\/wp-content\/uploads\/2026\/04\/1SEM-ALM-ABR-2025-2026.jpg 760w\" sizes=\"(max-width: 721px) 100vw, 721px\" \/>\t\t\t\t\t\t\t\t\t\t\t\t\t\t\t<\/div>\n\t\t\t\t<\/div>\n\t\t\t\t\t<\/div>\n\t\t\t\t<\/div>\n\t\t<div class=\"elementor-element elementor-element-9931f31 e-flex e-con-boxed e-con e-parent\" data-id=\"9931f31\" data-element_type=\"container\" data-e-type=\"container\">\n\t\t\t\t\t<div class=\"e-con-inner\">\n\t\t<div class=\"elementor-element elementor-element-91ce3b2 e-con-full e-flex e-con e-child\" data-id=\"91ce3b2\" data-element_type=\"container\" data-e-type=\"container\">\n\t\t\t\t<div class=\"elementor-element elementor-element-5c2108a elementor-widget elementor-widget-spacer\" data-id=\"5c2108a\" data-element_type=\"widget\" data-e-type=\"widget\" data-widget_type=\"spacer.default\">\n\t\t\t\t\t\t\t<div class=\"elementor-spacer\">\n\t\t\t<div class=\"elementor-spacer-inner\"><\/div>\n\t\t<\/div>\n\t\t\t\t\t\t<\/div>\n\t\t\t\t<\/div>\n\t\t\t\t\t<\/div>\n\t\t\t\t<\/div>\n\t\t\t\t<\/div>","protected":false},"excerpt":{"rendered":"<p>Montessori British School Nuestro Men\u00fa del d\u00eda 6 DE ABRIL &#8211; 11 DE ABRIL<\/p>","protected":false},"author":6,"featured_media":0,"parent":0,"menu_order":0,"comment_status":"closed","ping_status":"closed","template":"elementor_header_footer","meta":{"neve_meta_sidebar":"full-width","neve_meta_container":"","neve_meta_enable_content_width":"on","neve_meta_content_width":100,"neve_meta_title_alignment":"","neve_meta_author_avatar":"","neve_post_elements_order":"","neve_meta_disable_header":"","neve_meta_disable_footer":"","neve_meta_disable_title":"","footnotes":""},"class_list":["post-7340","page","type-page","status-publish","hentry"],"yoast_head":"<!-- This site is optimized with the Yoast SEO plugin v27.3 - https:\/\/yoast.com\/product\/yoast-seo-wordpress\/ -->\n<title>Menu mbs<\/title>\n<meta name=\"description\" content=\"Menu mbs: Aqu\u00ed encontrar\u00e1s el menu que el MBS pone a tu disposici\u00f3n esta semana.Montessori British School \u00a1Disfrutalo!\" \/>\n<meta name=\"robots\" content=\"index, follow, max-snippet:-1, max-image-preview:large, max-video-preview:-1\" \/>\n<link rel=\"canonical\" href=\"https:\/\/mbs.edu.co\/en\/menu-mbs\/\" \/>\n<meta property=\"og:locale\" content=\"en_GB\" \/>\n<meta property=\"og:type\" content=\"article\" \/>\n<meta property=\"og:title\" content=\"Menu mbs\" \/>\n<meta property=\"og:description\" content=\"Menu mbs: Aqu\u00ed encontrar\u00e1s el menu que el MBS pone a tu disposici\u00f3n esta semana.Montessori British School \u00a1Disfrutalo!\" \/>\n<meta property=\"og:url\" content=\"https:\/\/mbs.edu.co\/en\/menu-mbs\/\" \/>\n<meta property=\"og:site_name\" content=\"Montessori British School\" \/>\n<meta property=\"article:publisher\" content=\"https:\/\/www.facebook.com\/montessoribritishschool\" \/>\n<meta property=\"article:modified_time\" content=\"2026-04-06T13:45:20+00:00\" \/>\n<meta property=\"og:image\" content=\"https:\/\/mbs.edu.co\/wp-content\/uploads\/2026\/04\/1SEM-ALM-ABR-2025-2026-721x1024.jpg\" \/>\n<meta name=\"twitter:card\" content=\"summary_large_image\" \/>\n<meta name=\"twitter:label1\" content=\"Estimated reading time\" \/>\n\t<meta name=\"twitter:data1\" content=\"1 minute\" \/>\n<script type=\"application\/ld+json\" class=\"yoast-schema-graph\">{\"@context\":\"https:\\\/\\\/schema.org\",\"@graph\":[{\"@type\":\"WebPage\",\"@id\":\"https:\\\/\\\/mbs.edu.co\\\/menu-mbs\\\/\",\"url\":\"https:\\\/\\\/mbs.edu.co\\\/menu-mbs\\\/\",\"name\":\"Menu mbs\",\"isPartOf\":{\"@id\":\"https:\\\/\\\/mbs.edu.co\\\/#website\"},\"primaryImageOfPage\":{\"@id\":\"https:\\\/\\\/mbs.edu.co\\\/menu-mbs\\\/#primaryimage\"},\"image\":{\"@id\":\"https:\\\/\\\/mbs.edu.co\\\/menu-mbs\\\/#primaryimage\"},\"thumbnailUrl\":\"https:\\\/\\\/mbs.edu.co\\\/wp-content\\\/uploads\\\/2026\\\/04\\\/1SEM-ALM-ABR-2025-2026-721x1024.jpg\",\"datePublished\":\"2021-08-25T22:26:21+00:00\",\"dateModified\":\"2026-04-06T13:45:20+00:00\",\"description\":\"Menu mbs: Aqu\u00ed encontrar\u00e1s el menu que el MBS pone a tu disposici\u00f3n esta semana.Montessori British School \u00a1Disfrutalo!\",\"breadcrumb\":{\"@id\":\"https:\\\/\\\/mbs.edu.co\\\/menu-mbs\\\/#breadcrumb\"},\"inLanguage\":\"en-GB\",\"potentialAction\":[{\"@type\":\"ReadAction\",\"target\":[\"https:\\\/\\\/mbs.edu.co\\\/menu-mbs\\\/\"]}]},{\"@type\":\"ImageObject\",\"inLanguage\":\"en-GB\",\"@id\":\"https:\\\/\\\/mbs.edu.co\\\/menu-mbs\\\/#primaryimage\",\"url\":\"https:\\\/\\\/mbs.edu.co\\\/wp-content\\\/uploads\\\/2026\\\/04\\\/1SEM-ALM-ABR-2025-2026-721x1024.jpg\",\"contentUrl\":\"https:\\\/\\\/mbs.edu.co\\\/wp-content\\\/uploads\\\/2026\\\/04\\\/1SEM-ALM-ABR-2025-2026-721x1024.jpg\"},{\"@type\":\"BreadcrumbList\",\"@id\":\"https:\\\/\\\/mbs.edu.co\\\/menu-mbs\\\/#breadcrumb\",\"itemListElement\":[{\"@type\":\"ListItem\",\"position\":1,\"name\":\"Portada\",\"item\":\"https:\\\/\\\/mbs.edu.co\\\/\"},{\"@type\":\"ListItem\",\"position\":2,\"name\":\"Alimentaci\u00f3n MBS\"}]},{\"@type\":\"WebSite\",\"@id\":\"https:\\\/\\\/mbs.edu.co\\\/#website\",\"url\":\"https:\\\/\\\/mbs.edu.co\\\/\",\"name\":\"Montessori British School\",\"description\":\"Colegio mixto calendario B, internacional, multiling\u00fce e intercultural que basa su ense\u00f1anza en la creatividad y la expresi\u00f3n.\",\"publisher\":{\"@id\":\"https:\\\/\\\/mbs.edu.co\\\/#organization\"},\"potentialAction\":[{\"@type\":\"SearchAction\",\"target\":{\"@type\":\"EntryPoint\",\"urlTemplate\":\"https:\\\/\\\/mbs.edu.co\\\/?s={search_term_string}\"},\"query-input\":{\"@type\":\"PropertyValueSpecification\",\"valueRequired\":true,\"valueName\":\"search_term_string\"}}],\"inLanguage\":\"en-GB\"},{\"@type\":\"Organization\",\"@id\":\"https:\\\/\\\/mbs.edu.co\\\/#organization\",\"name\":\"Montessori British School\",\"url\":\"https:\\\/\\\/mbs.edu.co\\\/\",\"logo\":{\"@type\":\"ImageObject\",\"inLanguage\":\"en-GB\",\"@id\":\"https:\\\/\\\/mbs.edu.co\\\/#\\\/schema\\\/logo\\\/image\\\/\",\"url\":\"https:\\\/\\\/mbs.edu.co\\\/wp-content\\\/uploads\\\/2020\\\/10\\\/LOGO-MBS-montessori-2.png\",\"contentUrl\":\"https:\\\/\\\/mbs.edu.co\\\/wp-content\\\/uploads\\\/2020\\\/10\\\/LOGO-MBS-montessori-2.png\",\"width\":800,\"height\":366,\"caption\":\"Montessori British School\"},\"image\":{\"@id\":\"https:\\\/\\\/mbs.edu.co\\\/#\\\/schema\\\/logo\\\/image\\\/\"},\"sameAs\":[\"https:\\\/\\\/www.facebook.com\\\/montessoribritishschool\",\"https:\\\/\\\/www.instagram.com\\\/oficialmbs\\\/\",\"https:\\\/\\\/www.linkedin.com\\\/company\\\/montessori-british-school-mbs\\\/mycompany\\\/?viewAsMember=true\"]}]}<\/script>\n<!-- \/ Yoast SEO plugin. -->","yoast_head_json":{"title":"Menu mbs","description":"Menu mbs: Aqu\u00ed encontrar\u00e1s el menu que el MBS pone a tu disposici\u00f3n esta semana.Montessori British School \u00a1Disfrutalo!","robots":{"index":"index","follow":"follow","max-snippet":"max-snippet:-1","max-image-preview":"max-image-preview:large","max-video-preview":"max-video-preview:-1"},"canonical":"https:\/\/mbs.edu.co\/en\/menu-mbs\/","og_locale":"en_GB","og_type":"article","og_title":"Menu mbs","og_description":"Menu mbs: Aqu\u00ed encontrar\u00e1s el menu que el MBS pone a tu disposici\u00f3n esta semana.Montessori British School \u00a1Disfrutalo!","og_url":"https:\/\/mbs.edu.co\/en\/menu-mbs\/","og_site_name":"Montessori British School","article_publisher":"https:\/\/www.facebook.com\/montessoribritishschool","article_modified_time":"2026-04-06T13:45:20+00:00","og_image":[{"url":"https:\/\/mbs.edu.co\/wp-content\/uploads\/2026\/04\/1SEM-ALM-ABR-2025-2026-721x1024.jpg","type":"","width":"","height":""}],"twitter_card":"summary_large_image","twitter_misc":{"Estimated reading time":"1 minute"},"schema":{"@context":"https:\/\/schema.org","@graph":[{"@type":"WebPage","@id":"https:\/\/mbs.edu.co\/menu-mbs\/","url":"https:\/\/mbs.edu.co\/menu-mbs\/","name":"Menu mbs","isPartOf":{"@id":"https:\/\/mbs.edu.co\/#website"},"primaryImageOfPage":{"@id":"https:\/\/mbs.edu.co\/menu-mbs\/#primaryimage"},"image":{"@id":"https:\/\/mbs.edu.co\/menu-mbs\/#primaryimage"},"thumbnailUrl":"https:\/\/mbs.edu.co\/wp-content\/uploads\/2026\/04\/1SEM-ALM-ABR-2025-2026-721x1024.jpg","datePublished":"2021-08-25T22:26:21+00:00","dateModified":"2026-04-06T13:45:20+00:00","description":"Menu mbs: Aqu\u00ed encontrar\u00e1s el menu que el MBS pone a tu disposici\u00f3n esta semana.Montessori British School \u00a1Disfrutalo!","breadcrumb":{"@id":"https:\/\/mbs.edu.co\/menu-mbs\/#breadcrumb"},"inLanguage":"en-GB","potentialAction":[{"@type":"ReadAction","target":["https:\/\/mbs.edu.co\/menu-mbs\/"]}]},{"@type":"ImageObject","inLanguage":"en-GB","@id":"https:\/\/mbs.edu.co\/menu-mbs\/#primaryimage","url":"https:\/\/mbs.edu.co\/wp-content\/uploads\/2026\/04\/1SEM-ALM-ABR-2025-2026-721x1024.jpg","contentUrl":"https:\/\/mbs.edu.co\/wp-content\/uploads\/2026\/04\/1SEM-ALM-ABR-2025-2026-721x1024.jpg"},{"@type":"BreadcrumbList","@id":"https:\/\/mbs.edu.co\/menu-mbs\/#breadcrumb","itemListElement":[{"@type":"ListItem","position":1,"name":"Portada","item":"https:\/\/mbs.edu.co\/"},{"@type":"ListItem","position":2,"name":"Alimentaci\u00f3n MBS"}]},{"@type":"WebSite","@id":"https:\/\/mbs.edu.co\/#website","url":"https:\/\/mbs.edu.co\/","name":"Montessori British School","description":"Colegio mixto calendario B, internacional, multiling\u00fce e intercultural que basa su ense\u00f1anza en la creatividad y la expresi\u00f3n.","publisher":{"@id":"https:\/\/mbs.edu.co\/#organization"},"potentialAction":[{"@type":"SearchAction","target":{"@type":"EntryPoint","urlTemplate":"https:\/\/mbs.edu.co\/?s={search_term_string}"},"query-input":{"@type":"PropertyValueSpecification","valueRequired":true,"valueName":"search_term_string"}}],"inLanguage":"en-GB"},{"@type":"Organization","@id":"https:\/\/mbs.edu.co\/#organization","name":"Montessori British School","url":"https:\/\/mbs.edu.co\/","logo":{"@type":"ImageObject","inLanguage":"en-GB","@id":"https:\/\/mbs.edu.co\/#\/schema\/logo\/image\/","url":"https:\/\/mbs.edu.co\/wp-content\/uploads\/2020\/10\/LOGO-MBS-montessori-2.png","contentUrl":"https:\/\/mbs.edu.co\/wp-content\/uploads\/2020\/10\/LOGO-MBS-montessori-2.png","width":800,"height":366,"caption":"Montessori British School"},"image":{"@id":"https:\/\/mbs.edu.co\/#\/schema\/logo\/image\/"},"sameAs":["https:\/\/www.facebook.com\/montessoribritishschool","https:\/\/www.instagram.com\/oficialmbs\/","https:\/\/www.linkedin.com\/company\/montessori-british-school-mbs\/mycompany\/?viewAsMember=true"]}]}},"_links":{"self":[{"href":"https:\/\/mbs.edu.co\/en\/wp-json\/wp\/v2\/pages\/7340","targetHints":{"allow":["GET"]}}],"collection":[{"href":"https:\/\/mbs.edu.co\/en\/wp-json\/wp\/v2\/pages"}],"about":[{"href":"https:\/\/mbs.edu.co\/en\/wp-json\/wp\/v2\/types\/page"}],"author":[{"embeddable":true,"href":"https:\/\/mbs.edu.co\/en\/wp-json\/wp\/v2\/users\/6"}],"replies":[{"embeddable":true,"href":"https:\/\/mbs.edu.co\/en\/wp-json\/wp\/v2\/comments?post=7340"}],"version-history":[{"count":135,"href":"https:\/\/mbs.edu.co\/en\/wp-json\/wp\/v2\/pages\/7340\/revisions"}],"predecessor-version":[{"id":49550,"href":"https:\/\/mbs.edu.co\/en\/wp-json\/wp\/v2\/pages\/7340\/revisions\/49550"}],"wp:attachment":[{"href":"https:\/\/mbs.edu.co\/en\/wp-json\/wp\/v2\/media?parent=7340"}],"curies":[{"name":"wp","href":"https:\/\/api.w.org\/{rel}","templated":true}]}}