{"id":616,"date":"2020-10-20T21:35:18","date_gmt":"2020-10-20T21:35:18","guid":{"rendered":"https:\/\/mbs.edu.co\/?page_id=616"},"modified":"2025-10-17T10:23:07","modified_gmt":"2025-10-17T15:23:07","slug":"escuela-de-padres","status":"publish","type":"page","link":"https:\/\/mbs.edu.co\/en\/escuela-de-padres\/","title":{"rendered":"Escuela de Padres"},"content":{"rendered":"<div data-elementor-type=\"wp-page\" data-elementor-id=\"616\" class=\"elementor elementor-616\" data-elementor-post-type=\"page\">\n\t\t\t\t<div class=\"elementor-element elementor-element-09d7e35 e-con-full e-flex e-con e-parent\" data-id=\"09d7e35\" data-element_type=\"container\" data-e-type=\"container\">\n\t\t<div class=\"elementor-element elementor-element-35ba70c e-con-full e-flex e-con e-child\" data-id=\"35ba70c\" data-element_type=\"container\" data-e-type=\"container\">\n\t\t\t\t<div class=\"elementor-element elementor-element-7018f49 elementor-widget elementor-widget-heading\" data-id=\"7018f49\" data-element_type=\"widget\" data-e-type=\"widget\" data-widget_type=\"heading.default\">\n\t\t\t\t\t<h1 class=\"elementor-heading-title elementor-size-default\">ESCUELA DE PADRES<\/h1>\t\t\t\t<\/div>\n\t\t\t\t<div class=\"elementor-element elementor-element-4782840 elementor-widget elementor-widget-heading\" data-id=\"4782840\" data-element_type=\"widget\" data-e-type=\"widget\" data-widget_type=\"heading.default\">\n\t\t\t\t\t<h2 class=\"elementor-heading-title elementor-size-default\">Es una estrategia de promoci\u00f3n para el mejoramiento de la calidad de vida familiar con el fin de favorecer el desarrollo emocional y afectivo de los ni\u00f1os, ni\u00f1as y j\u00f3venes del Montessori British School.<\/h2>\t\t\t\t<\/div>\n\t\t\t\t<\/div>\n\t\t\t\t<\/div>\n\t\t<div class=\"elementor-element elementor-element-3738eb9 e-flex e-con-boxed e-con e-parent\" data-id=\"3738eb9\" data-element_type=\"container\" data-e-type=\"container\">\n\t\t\t\t\t<div class=\"e-con-inner\">\n\t\t<div class=\"elementor-element elementor-element-f7d9ae3 e-con-full e-flex e-con e-child\" data-id=\"f7d9ae3\" data-element_type=\"container\" data-e-type=\"container\">\n\t\t\t\t<div class=\"elementor-element elementor-element-d1e58ea elementor-widget elementor-widget-image\" data-id=\"d1e58ea\" data-element_type=\"widget\" data-e-type=\"widget\" data-widget_type=\"image.default\">\n\t\t\t\t\t\t\t\t\t\t\t\t\t\t\t<img fetchpriority=\"high\" decoding=\"async\" width=\"1024\" height=\"682\" src=\"https:\/\/mbs.edu.co\/wp-content\/uploads\/2020\/10\/escuela-de-padres-1-1024x682.png\" class=\"attachment-large size-large wp-image-618\" alt=\"\" srcset=\"https:\/\/mbs.edu.co\/wp-content\/uploads\/2020\/10\/escuela-de-padres-1-1024x682.png 1024w, https:\/\/mbs.edu.co\/wp-content\/uploads\/2020\/10\/escuela-de-padres-1-300x200.png 300w, https:\/\/mbs.edu.co\/wp-content\/uploads\/2020\/10\/escuela-de-padres-1-768x512.png 768w, https:\/\/mbs.edu.co\/wp-content\/uploads\/2020\/10\/escuela-de-padres-1-1536x1024.png 1536w, https:\/\/mbs.edu.co\/wp-content\/uploads\/2020\/10\/escuela-de-padres-1-930x620.png 930w, https:\/\/mbs.edu.co\/wp-content\/uploads\/2020\/10\/escuela-de-padres-1.png 1556w\" sizes=\"(max-width: 1024px) 100vw, 1024px\" \/>\t\t\t\t\t\t\t\t\t\t\t\t\t\t\t<\/div>\n\t\t\t\t<div class=\"elementor-element elementor-element-fc582c6 elementor-widget__width-initial elementor-widget elementor-widget-text-editor\" data-id=\"fc582c6\" data-element_type=\"widget\" data-e-type=\"widget\" data-widget_type=\"text-editor.default\">\n\t\t\t\t\t\t\t\t\t<p>El psic\u00f3log@ encargado de cada secci\u00f3n, debe identificar las necesidades de capacitaci\u00f3n entre las familias de su nivel, para esto puede apoyarse de encuestas, entrevistas u otros recursos de evaluaci\u00f3n. Luego de identificar las necesidades debe establecer el cronograma teniendo en cuenta que se realice un (1) taller o charla por nivel cada semestre acad\u00e9mico.<\/p>\n<p>El taller realizado en el primer semestre del a\u00f1o se desarrolla de manera presencial, mientras en el segundo semestre es de modalidad virtual.<\/p>\n<p><!-- \/wp:paragraph --><!-- wp:paragraph --><\/p>\n<p>Para aquellos padres que no puedan asistir al taller presencial, tendr\u00e1n la oportunidad de realizar una actividad de recuperaci\u00f3n relacionada con el tema tratado, la cual ser\u00e1 enviada por medio de una circular a sus correos electr\u00f3nicos.<\/p>\n<p>Esta actividad deber\u00e1 ser enviada a la psic\u00f3loga encargada por el mismo medio en un plazo de 15 d\u00edas. Por el contrario, con el taller realizado de forma virtual no se brindar\u00e1 la opci\u00f3n de recuperaci\u00f3n, ya que las actividades correspondientes estar\u00e1n disponibles durante aproximadamente 15 d\u00edas (seg\u00fan el plazo establecido por el departamento) para su desarrollo.<\/p>\t\t\t\t\t\t\t\t<\/div>\n\t\t\t\t<\/div>\n\t\t<div class=\"elementor-element elementor-element-951d83e e-con-full e-flex e-con e-child\" data-id=\"951d83e\" data-element_type=\"container\" data-e-type=\"container\">\n\t\t\t\t<div class=\"elementor-element elementor-element-3416c67 elementor-widget-tablet_extra__width-initial elementor-widget elementor-widget-text-editor\" data-id=\"3416c67\" data-element_type=\"widget\" data-e-type=\"widget\" data-widget_type=\"text-editor.default\">\n\t\t\t\t\t\t\t\t\t<p>Finalmente, el psic\u00f3log@ correspondiente a cada secci\u00f3n debe registrar las notas en el sistema para cada uno de los estudiantes seg\u00fan las fechas indicadas por el colegio y teniendo en cuenta la normatividad establecida.<\/p>\n<p><em><strong>Objetivo del Programa:<\/strong><\/em><\/p>\n<p>Ofrecer a los padres un espacio de escucha, orientaci\u00f3n y apoyo, para fortalecer sus capacidades parentales a fin de que estas se conviertan en din\u00e1micas acordes a los contextos cambiantes y propendan por la formaci\u00f3n de seres humanos m\u00e1s justos, libres y creativos.<\/p>\t\t\t\t\t\t\t\t<\/div>\n\t\t\t\t<\/div>\n\t\t\t\t\t<\/div>\n\t\t\t\t<\/div>\n\t\t\t\t<\/div>","protected":false},"excerpt":{"rendered":"<p>ESCUELA DE PADRES Es una estrategia de promoci\u00f3n para el mejoramiento de la calidad de vida familiar con el fin de favorecer el desarrollo emocional y afectivo de los ni\u00f1os, ni\u00f1as y j\u00f3venes del Montessori British School. El psic\u00f3log@ encargado de cada secci\u00f3n, debe identificar las necesidades de capacitaci\u00f3n entre las familias de su nivel,&hellip;&nbsp;<a href=\"https:\/\/mbs.edu.co\/en\/escuela-de-padres\/\" rel=\"bookmark\">Read More &raquo;<span class=\"screen-reader-text\">Escuela de Padres<\/span><\/a><\/p>","protected":false},"author":6,"featured_media":0,"parent":0,"menu_order":0,"comment_status":"closed","ping_status":"closed","template":"elementor_header_footer","meta":{"neve_meta_sidebar":"full-width","neve_meta_container":"","neve_meta_enable_content_width":"on","neve_meta_content_width":100,"neve_meta_title_alignment":"","neve_meta_author_avatar":"","neve_post_elements_order":"","neve_meta_disable_header":"","neve_meta_disable_footer":"","neve_meta_disable_title":"","footnotes":""},"class_list":["post-616","page","type-page","status-publish","hentry"],"yoast_head":"<!-- This site is optimized with the Yoast SEO plugin v27.3 - https:\/\/yoast.com\/product\/yoast-seo-wordpress\/ -->\n<title>Escuela de Padres &#8226; Montessori British School<\/title>\n<meta name=\"robots\" content=\"index, follow, max-snippet:-1, max-image-preview:large, max-video-preview:-1\" \/>\n<link rel=\"canonical\" href=\"https:\/\/mbs.edu.co\/en\/escuela-de-padres\/\" \/>\n<meta property=\"og:locale\" content=\"en_GB\" \/>\n<meta property=\"og:type\" content=\"article\" \/>\n<meta property=\"og:title\" content=\"Escuela de Padres &#8226; Montessori British School\" \/>\n<meta property=\"og:description\" content=\"ESCUELA DE PADRES Es una estrategia de promoci\u00f3n para el mejoramiento de la calidad de vida familiar con el fin de favorecer el desarrollo emocional y afectivo de los ni\u00f1os, ni\u00f1as y j\u00f3venes del Montessori British School. El psic\u00f3log@ encargado de cada secci\u00f3n, debe identificar las necesidades de capacitaci\u00f3n entre las familias de su nivel,&hellip;&nbsp;Read More &raquo;Escuela de Padres\" \/>\n<meta property=\"og:url\" content=\"https:\/\/mbs.edu.co\/en\/escuela-de-padres\/\" \/>\n<meta property=\"og:site_name\" content=\"Montessori British School\" \/>\n<meta property=\"article:publisher\" content=\"https:\/\/www.facebook.com\/montessoribritishschool\" \/>\n<meta property=\"article:modified_time\" content=\"2025-10-17T15:23:07+00:00\" \/>\n<meta property=\"og:image\" content=\"https:\/\/mbs.edu.co\/wp-content\/uploads\/2020\/10\/escuela-de-padres-1.png\" \/>\n\t<meta property=\"og:image:width\" content=\"1556\" \/>\n\t<meta property=\"og:image:height\" content=\"1037\" \/>\n\t<meta property=\"og:image:type\" content=\"image\/png\" \/>\n<meta name=\"twitter:card\" content=\"summary_large_image\" \/>\n<meta name=\"twitter:label1\" content=\"Estimated reading time\" \/>\n\t<meta name=\"twitter:data1\" content=\"2 minutes\" \/>\n<script type=\"application\/ld+json\" class=\"yoast-schema-graph\">{\"@context\":\"https:\\\/\\\/schema.org\",\"@graph\":[{\"@type\":\"WebPage\",\"@id\":\"https:\\\/\\\/mbs.edu.co\\\/escuela-de-padres\\\/\",\"url\":\"https:\\\/\\\/mbs.edu.co\\\/escuela-de-padres\\\/\",\"name\":\"Escuela de Padres &#8226; Montessori British School\",\"isPartOf\":{\"@id\":\"https:\\\/\\\/mbs.edu.co\\\/#website\"},\"primaryImageOfPage\":{\"@id\":\"https:\\\/\\\/mbs.edu.co\\\/escuela-de-padres\\\/#primaryimage\"},\"image\":{\"@id\":\"https:\\\/\\\/mbs.edu.co\\\/escuela-de-padres\\\/#primaryimage\"},\"thumbnailUrl\":\"https:\\\/\\\/mbs.edu.co\\\/wp-content\\\/uploads\\\/2020\\\/10\\\/escuela-de-padres-1-1024x682.png\",\"datePublished\":\"2020-10-20T21:35:18+00:00\",\"dateModified\":\"2025-10-17T15:23:07+00:00\",\"breadcrumb\":{\"@id\":\"https:\\\/\\\/mbs.edu.co\\\/escuela-de-padres\\\/#breadcrumb\"},\"inLanguage\":\"en-GB\",\"potentialAction\":[{\"@type\":\"ReadAction\",\"target\":[\"https:\\\/\\\/mbs.edu.co\\\/escuela-de-padres\\\/\"]}]},{\"@type\":\"ImageObject\",\"inLanguage\":\"en-GB\",\"@id\":\"https:\\\/\\\/mbs.edu.co\\\/escuela-de-padres\\\/#primaryimage\",\"url\":\"https:\\\/\\\/mbs.edu.co\\\/wp-content\\\/uploads\\\/2020\\\/10\\\/escuela-de-padres-1-1024x682.png\",\"contentUrl\":\"https:\\\/\\\/mbs.edu.co\\\/wp-content\\\/uploads\\\/2020\\\/10\\\/escuela-de-padres-1-1024x682.png\"},{\"@type\":\"BreadcrumbList\",\"@id\":\"https:\\\/\\\/mbs.edu.co\\\/escuela-de-padres\\\/#breadcrumb\",\"itemListElement\":[{\"@type\":\"ListItem\",\"position\":1,\"name\":\"Portada\",\"item\":\"https:\\\/\\\/mbs.edu.co\\\/\"},{\"@type\":\"ListItem\",\"position\":2,\"name\":\"Escuela de Padres\"}]},{\"@type\":\"WebSite\",\"@id\":\"https:\\\/\\\/mbs.edu.co\\\/#website\",\"url\":\"https:\\\/\\\/mbs.edu.co\\\/\",\"name\":\"Montessori British School\",\"description\":\"Colegio mixto calendario B, internacional, multiling\u00fce e intercultural que basa su ense\u00f1anza en la creatividad y la expresi\u00f3n.\",\"publisher\":{\"@id\":\"https:\\\/\\\/mbs.edu.co\\\/#organization\"},\"potentialAction\":[{\"@type\":\"SearchAction\",\"target\":{\"@type\":\"EntryPoint\",\"urlTemplate\":\"https:\\\/\\\/mbs.edu.co\\\/?s={search_term_string}\"},\"query-input\":{\"@type\":\"PropertyValueSpecification\",\"valueRequired\":true,\"valueName\":\"search_term_string\"}}],\"inLanguage\":\"en-GB\"},{\"@type\":\"Organization\",\"@id\":\"https:\\\/\\\/mbs.edu.co\\\/#organization\",\"name\":\"Montessori British School\",\"url\":\"https:\\\/\\\/mbs.edu.co\\\/\",\"logo\":{\"@type\":\"ImageObject\",\"inLanguage\":\"en-GB\",\"@id\":\"https:\\\/\\\/mbs.edu.co\\\/#\\\/schema\\\/logo\\\/image\\\/\",\"url\":\"https:\\\/\\\/mbs.edu.co\\\/wp-content\\\/uploads\\\/2020\\\/10\\\/LOGO-MBS-montessori-2.png\",\"contentUrl\":\"https:\\\/\\\/mbs.edu.co\\\/wp-content\\\/uploads\\\/2020\\\/10\\\/LOGO-MBS-montessori-2.png\",\"width\":800,\"height\":366,\"caption\":\"Montessori British School\"},\"image\":{\"@id\":\"https:\\\/\\\/mbs.edu.co\\\/#\\\/schema\\\/logo\\\/image\\\/\"},\"sameAs\":[\"https:\\\/\\\/www.facebook.com\\\/montessoribritishschool\",\"https:\\\/\\\/www.instagram.com\\\/oficialmbs\\\/\",\"https:\\\/\\\/www.linkedin.com\\\/company\\\/montessori-british-school-mbs\\\/mycompany\\\/?viewAsMember=true\"]}]}<\/script>\n<!-- \/ Yoast SEO plugin. -->","yoast_head_json":{"title":"Escuela de Padres &#8226; Montessori British School","robots":{"index":"index","follow":"follow","max-snippet":"max-snippet:-1","max-image-preview":"max-image-preview:large","max-video-preview":"max-video-preview:-1"},"canonical":"https:\/\/mbs.edu.co\/en\/escuela-de-padres\/","og_locale":"en_GB","og_type":"article","og_title":"Escuela de Padres &#8226; Montessori British School","og_description":"ESCUELA DE PADRES Es una estrategia de promoci\u00f3n para el mejoramiento de la calidad de vida familiar con el fin de favorecer el desarrollo emocional y afectivo de los ni\u00f1os, ni\u00f1as y j\u00f3venes del Montessori British School. El psic\u00f3log@ encargado de cada secci\u00f3n, debe identificar las necesidades de capacitaci\u00f3n entre las familias de su nivel,&hellip;&nbsp;Read More &raquo;Escuela de Padres","og_url":"https:\/\/mbs.edu.co\/en\/escuela-de-padres\/","og_site_name":"Montessori British School","article_publisher":"https:\/\/www.facebook.com\/montessoribritishschool","article_modified_time":"2025-10-17T15:23:07+00:00","og_image":[{"width":1556,"height":1037,"url":"https:\/\/mbs.edu.co\/wp-content\/uploads\/2020\/10\/escuela-de-padres-1.png","type":"image\/png"}],"twitter_card":"summary_large_image","twitter_misc":{"Estimated reading time":"2 minutes"},"schema":{"@context":"https:\/\/schema.org","@graph":[{"@type":"WebPage","@id":"https:\/\/mbs.edu.co\/escuela-de-padres\/","url":"https:\/\/mbs.edu.co\/escuela-de-padres\/","name":"Escuela de Padres &#8226; Montessori British School","isPartOf":{"@id":"https:\/\/mbs.edu.co\/#website"},"primaryImageOfPage":{"@id":"https:\/\/mbs.edu.co\/escuela-de-padres\/#primaryimage"},"image":{"@id":"https:\/\/mbs.edu.co\/escuela-de-padres\/#primaryimage"},"thumbnailUrl":"https:\/\/mbs.edu.co\/wp-content\/uploads\/2020\/10\/escuela-de-padres-1-1024x682.png","datePublished":"2020-10-20T21:35:18+00:00","dateModified":"2025-10-17T15:23:07+00:00","breadcrumb":{"@id":"https:\/\/mbs.edu.co\/escuela-de-padres\/#breadcrumb"},"inLanguage":"en-GB","potentialAction":[{"@type":"ReadAction","target":["https:\/\/mbs.edu.co\/escuela-de-padres\/"]}]},{"@type":"ImageObject","inLanguage":"en-GB","@id":"https:\/\/mbs.edu.co\/escuela-de-padres\/#primaryimage","url":"https:\/\/mbs.edu.co\/wp-content\/uploads\/2020\/10\/escuela-de-padres-1-1024x682.png","contentUrl":"https:\/\/mbs.edu.co\/wp-content\/uploads\/2020\/10\/escuela-de-padres-1-1024x682.png"},{"@type":"BreadcrumbList","@id":"https:\/\/mbs.edu.co\/escuela-de-padres\/#breadcrumb","itemListElement":[{"@type":"ListItem","position":1,"name":"Portada","item":"https:\/\/mbs.edu.co\/"},{"@type":"ListItem","position":2,"name":"Escuela de Padres"}]},{"@type":"WebSite","@id":"https:\/\/mbs.edu.co\/#website","url":"https:\/\/mbs.edu.co\/","name":"Montessori British School","description":"Colegio mixto calendario B, internacional, multiling\u00fce e intercultural que basa su ense\u00f1anza en la creatividad y la expresi\u00f3n.","publisher":{"@id":"https:\/\/mbs.edu.co\/#organization"},"potentialAction":[{"@type":"SearchAction","target":{"@type":"EntryPoint","urlTemplate":"https:\/\/mbs.edu.co\/?s={search_term_string}"},"query-input":{"@type":"PropertyValueSpecification","valueRequired":true,"valueName":"search_term_string"}}],"inLanguage":"en-GB"},{"@type":"Organization","@id":"https:\/\/mbs.edu.co\/#organization","name":"Montessori British School","url":"https:\/\/mbs.edu.co\/","logo":{"@type":"ImageObject","inLanguage":"en-GB","@id":"https:\/\/mbs.edu.co\/#\/schema\/logo\/image\/","url":"https:\/\/mbs.edu.co\/wp-content\/uploads\/2020\/10\/LOGO-MBS-montessori-2.png","contentUrl":"https:\/\/mbs.edu.co\/wp-content\/uploads\/2020\/10\/LOGO-MBS-montessori-2.png","width":800,"height":366,"caption":"Montessori British School"},"image":{"@id":"https:\/\/mbs.edu.co\/#\/schema\/logo\/image\/"},"sameAs":["https:\/\/www.facebook.com\/montessoribritishschool","https:\/\/www.instagram.com\/oficialmbs\/","https:\/\/www.linkedin.com\/company\/montessori-british-school-mbs\/mycompany\/?viewAsMember=true"]}]}},"_links":{"self":[{"href":"https:\/\/mbs.edu.co\/en\/wp-json\/wp\/v2\/pages\/616","targetHints":{"allow":["GET"]}}],"collection":[{"href":"https:\/\/mbs.edu.co\/en\/wp-json\/wp\/v2\/pages"}],"about":[{"href":"https:\/\/mbs.edu.co\/en\/wp-json\/wp\/v2\/types\/page"}],"author":[{"embeddable":true,"href":"https:\/\/mbs.edu.co\/en\/wp-json\/wp\/v2\/users\/6"}],"replies":[{"embeddable":true,"href":"https:\/\/mbs.edu.co\/en\/wp-json\/wp\/v2\/comments?post=616"}],"version-history":[{"count":33,"href":"https:\/\/mbs.edu.co\/en\/wp-json\/wp\/v2\/pages\/616\/revisions"}],"predecessor-version":[{"id":47862,"href":"https:\/\/mbs.edu.co\/en\/wp-json\/wp\/v2\/pages\/616\/revisions\/47862"}],"wp:attachment":[{"href":"https:\/\/mbs.edu.co\/en\/wp-json\/wp\/v2\/media?parent=616"}],"curies":[{"name":"wp","href":"https:\/\/api.w.org\/{rel}","templated":true}]}}