{"id":32382,"date":"2024-04-18T09:46:25","date_gmt":"2024-04-18T14:46:25","guid":{"rendered":"https:\/\/mbs.edu.co\/?page_id=32382"},"modified":"2026-02-18T11:15:55","modified_gmt":"2026-02-18T16:15:55","slug":"poetry-for-the-soul","status":"publish","type":"page","link":"https:\/\/mbs.edu.co\/en\/poetry-for-the-soul\/","title":{"rendered":"Poetry for the Soul"},"content":{"rendered":"<div data-elementor-type=\"wp-page\" data-elementor-id=\"32382\" class=\"elementor elementor-32382\" data-elementor-post-type=\"page\">\n\t\t\t\t<div class=\"elementor-element elementor-element-a3ec9cc e-flex e-con-boxed e-con e-parent\" data-id=\"a3ec9cc\" data-element_type=\"container\" data-e-type=\"container\">\n\t\t\t\t\t<div class=\"e-con-inner\">\n\t\t<div class=\"elementor-element elementor-element-dd2cae4 e-con-full e-flex e-con e-child\" data-id=\"dd2cae4\" data-element_type=\"container\" data-e-type=\"container\">\n\t\t\t\t<div class=\"elementor-element elementor-element-ff6e670 elementor-widget elementor-widget-heading\" data-id=\"ff6e670\" data-element_type=\"widget\" data-e-type=\"widget\" data-widget_type=\"heading.default\">\n\t\t\t\t\t<h1 class=\"elementor-heading-title elementor-size-default\">Discover the magic of poetry...<\/h1>\t\t\t\t<\/div>\n\t\t\t\t<\/div>\n\t\t\t\t\t<\/div>\n\t\t\t\t<\/div>\n\t\t<div class=\"elementor-element elementor-element-f97fd3a e-flex e-con-boxed e-con e-parent\" data-id=\"f97fd3a\" data-element_type=\"container\" data-e-type=\"container\">\n\t\t\t\t\t<div class=\"e-con-inner\">\n\t\t<div class=\"elementor-element elementor-element-b9baebd e-con-full e-flex e-con e-child\" data-id=\"b9baebd\" data-element_type=\"container\" data-e-type=\"container\">\n\t\t\t\t<div class=\"elementor-element elementor-element-24dd755 elementor-widget elementor-widget-heading\" data-id=\"24dd755\" data-element_type=\"widget\" data-e-type=\"widget\" data-widget_type=\"heading.default\">\n\t\t\t\t\t<h2 class=\"elementor-heading-title elementor-size-default\">Poetry for the Soul 2026<\/h2>\t\t\t\t<\/div>\n\t\t\t\t<div class=\"elementor-element elementor-element-e09fd20 elementor-widget elementor-widget-shortcode\" data-id=\"e09fd20\" data-element_type=\"widget\" data-e-type=\"widget\" data-widget_type=\"shortcode.default\">\n\t\t\t\t\t\t\t<div class=\"elementor-shortcode\"><div class=\"_df_thumb\" id=\"df_49443\"  _slug=\"poetry-for-the-soul-2026\" data-title=\"poetry-for-the-soul-2026\" wpoptions=\"true\" thumb=\"https:\/\/mbs.edu.co\/wp-content\/uploads\/2026\/02\/Portada-poetry.png\" thumbtype=\"\" >Poetry for the Soul 2026<\/div><script class=\"df-shortcode-script\" nowprocket type=\"application\/javascript\">window.option_df_49443 = {\"outline\":[],\"autoEnableOutline\":\"false\",\"autoEnableThumbnail\":\"false\",\"overwritePDFOutline\":\"false\",\"direction\":\"1\",\"pageSize\":\"0\",\"source\":\"https:\\\/\\\/mbs.edu.co\\\/wp-content\\\/uploads\\\/2026\\\/02\\\/Libro-Poetry-For-The-Soul-25-26.pdf\",\"wpOptions\":\"true\"}; if(window.DFLIP && window.DFLIP.parseBooks){window.DFLIP.parseBooks();}<\/script><\/div>\n\t\t\t\t\t\t<\/div>\n\t\t\t\t<\/div>\n\t\t<div class=\"elementor-element elementor-element-422f16a e-con-full e-flex e-con e-child\" data-id=\"422f16a\" data-element_type=\"container\" data-e-type=\"container\">\n\t\t\t\t<div class=\"elementor-element elementor-element-a7bb756 elementor-widget elementor-widget-heading\" data-id=\"a7bb756\" data-element_type=\"widget\" data-e-type=\"widget\" data-widget_type=\"heading.default\">\n\t\t\t\t\t<h2 class=\"elementor-heading-title elementor-size-default\">Poetry for the Soul 2025<\/h2>\t\t\t\t<\/div>\n\t\t\t\t<div class=\"elementor-element elementor-element-0445d83 elementor-widget elementor-widget-shortcode\" data-id=\"0445d83\" data-element_type=\"widget\" data-e-type=\"widget\" data-widget_type=\"shortcode.default\">\n\t\t\t\t\t\t\t<div class=\"elementor-shortcode\"><div class=\"_df_thumb\" id=\"df_41483\"  _slug=\"poetry-of-the-soul-2025\" data-title=\"poetry-for-the-soul-2025\" wpoptions=\"true\" thumb=\"https:\/\/mbs.edu.co\/wp-content\/uploads\/2025\/03\/Portada-Poetry-portada.jpg\" thumbtype=\"\" >Poetry for the Soul 2025<\/div><script class=\"df-shortcode-script\" nowprocket type=\"application\/javascript\">window.option_df_41483 = {\"outline\":[],\"autoEnableOutline\":\"false\",\"autoEnableThumbnail\":\"false\",\"overwritePDFOutline\":\"false\",\"direction\":\"1\",\"pageSize\":\"0\",\"source\":\"https:\\\/\\\/mbs.edu.co\\\/wp-content\\\/uploads\\\/2025\\\/03\\\/Poetry-For-The-Soul-24-25.pdf\",\"wpOptions\":\"true\"}; if(window.DFLIP && window.DFLIP.parseBooks){window.DFLIP.parseBooks();}<\/script><\/div>\n\t\t\t\t\t\t<\/div>\n\t\t\t\t<\/div>\n\t\t<div class=\"elementor-element elementor-element-a9a5358 e-con-full e-flex e-con e-child\" data-id=\"a9a5358\" data-element_type=\"container\" data-e-type=\"container\">\n\t\t\t\t<div class=\"elementor-element elementor-element-35b3ca9 elementor-widget elementor-widget-heading\" data-id=\"35b3ca9\" data-element_type=\"widget\" data-e-type=\"widget\" data-widget_type=\"heading.default\">\n\t\t\t\t\t<h2 class=\"elementor-heading-title elementor-size-default\">Poetry for the Soul 2024<\/h2>\t\t\t\t<\/div>\n\t\t\t\t<div class=\"elementor-element elementor-element-93987ba elementor-widget elementor-widget-shortcode\" data-id=\"93987ba\" data-element_type=\"widget\" data-e-type=\"widget\" data-widget_type=\"shortcode.default\">\n\t\t\t\t\t\t\t<div class=\"elementor-shortcode\"><div class=\"_df_thumb\" id=\"df_32379\"  _slug=\"poetry-for-the-soul\" data-title=\"poetry-for-the-soul\" wpoptions=\"true\" thumb=\"https:\/\/mbs.edu.co\/wp-content\/uploads\/2024\/04\/Poetry-for-the-Soul-Thumbnail.png\" thumbtype=\"\" >Poetry for the Soul<\/div><script class=\"df-shortcode-script\" nowprocket type=\"application\/javascript\">window.option_df_32379 = {\"outline\":[],\"autoEnableOutline\":\"false\",\"autoEnableThumbnail\":\"false\",\"overwritePDFOutline\":\"false\",\"direction\":\"1\",\"pageSize\":\"0\",\"source\":\"https:\\\/\\\/mbs.edu.co\\\/wp-content\\\/uploads\\\/2024\\\/04\\\/Poetry-for-the-Soul-Compilation-1.pdf\",\"wpOptions\":\"true\"}; if(window.DFLIP && window.DFLIP.parseBooks){window.DFLIP.parseBooks();}<\/script><\/div>\n\t\t\t\t\t\t<\/div>\n\t\t\t\t<\/div>\n\t\t\t\t\t<\/div>\n\t\t\t\t<\/div>\n\t\t<div class=\"elementor-element elementor-element-f8e4048 e-flex e-con-boxed e-con e-parent\" data-id=\"f8e4048\" data-element_type=\"container\" data-e-type=\"container\">\n\t\t\t\t\t<div class=\"e-con-inner\">\n\t\t\t\t<div class=\"elementor-element elementor-element-a98179e elementor-widget elementor-widget-spacer\" data-id=\"a98179e\" data-element_type=\"widget\" data-e-type=\"widget\" data-widget_type=\"spacer.default\">\n\t\t\t\t\t\t\t<div class=\"elementor-spacer\">\n\t\t\t<div class=\"elementor-spacer-inner\"><\/div>\n\t\t<\/div>\n\t\t\t\t\t\t<\/div>\n\t\t\t\t\t<\/div>\n\t\t\t\t<\/div>\n\t\t\t\t<\/div>","protected":false},"excerpt":{"rendered":"<p>Descubre la magia de la poes\u00eda&#8230; Poetry for the Soul 2026 Poetry for the Soul 2025 Poetry for the Soul 2024<\/p>","protected":false},"author":6,"featured_media":0,"parent":0,"menu_order":0,"comment_status":"closed","ping_status":"closed","template":"","meta":{"neve_meta_sidebar":"","neve_meta_container":"","neve_meta_enable_content_width":"","neve_meta_content_width":0,"neve_meta_title_alignment":"","neve_meta_author_avatar":"","neve_post_elements_order":"","neve_meta_disable_header":"","neve_meta_disable_footer":"","neve_meta_disable_title":"","footnotes":""},"class_list":["post-32382","page","type-page","status-publish","hentry"],"yoast_head":"<!-- This site is optimized with the Yoast SEO plugin v27.2 - https:\/\/yoast.com\/product\/yoast-seo-wordpress\/ -->\n<title>Poetry for the Soul &#8226; Montessori British School<\/title>\n<meta name=\"robots\" content=\"index, follow, max-snippet:-1, max-image-preview:large, max-video-preview:-1\" \/>\n<link rel=\"canonical\" href=\"https:\/\/mbs.edu.co\/en\/poetry-for-the-soul\/\" \/>\n<meta property=\"og:locale\" content=\"en_GB\" \/>\n<meta property=\"og:type\" content=\"article\" \/>\n<meta property=\"og:title\" content=\"Poetry for the Soul &#8226; Montessori British School\" \/>\n<meta property=\"og:description\" content=\"Descubre la magia de la poes\u00eda&#8230; Poetry for the Soul 2026 Poetry for the Soul 2025 Poetry for the Soul 2024\" \/>\n<meta property=\"og:url\" content=\"https:\/\/mbs.edu.co\/en\/poetry-for-the-soul\/\" \/>\n<meta property=\"og:site_name\" content=\"Montessori British School\" \/>\n<meta property=\"article:publisher\" content=\"https:\/\/www.facebook.com\/montessoribritishschool\" \/>\n<meta property=\"article:modified_time\" content=\"2026-02-18T16:15:55+00:00\" \/>\n<meta name=\"twitter:card\" content=\"summary_large_image\" \/>\n<meta name=\"twitter:label1\" content=\"Estimated reading time\" \/>\n\t<meta name=\"twitter:data1\" content=\"1 minute\" \/>\n<script type=\"application\/ld+json\" class=\"yoast-schema-graph\">{\"@context\":\"https:\/\/schema.org\",\"@graph\":[{\"@type\":\"WebPage\",\"@id\":\"https:\/\/mbs.edu.co\/poetry-for-the-soul\/\",\"url\":\"https:\/\/mbs.edu.co\/poetry-for-the-soul\/\",\"name\":\"Poetry for the Soul &#8226; Montessori British School\",\"isPartOf\":{\"@id\":\"https:\/\/mbs.edu.co\/#website\"},\"datePublished\":\"2024-04-18T14:46:25+00:00\",\"dateModified\":\"2026-02-18T16:15:55+00:00\",\"breadcrumb\":{\"@id\":\"https:\/\/mbs.edu.co\/poetry-for-the-soul\/#breadcrumb\"},\"inLanguage\":\"en-GB\",\"potentialAction\":[{\"@type\":\"ReadAction\",\"target\":[\"https:\/\/mbs.edu.co\/poetry-for-the-soul\/\"]}]},{\"@type\":\"BreadcrumbList\",\"@id\":\"https:\/\/mbs.edu.co\/poetry-for-the-soul\/#breadcrumb\",\"itemListElement\":[{\"@type\":\"ListItem\",\"position\":1,\"name\":\"Portada\",\"item\":\"https:\/\/mbs.edu.co\/\"},{\"@type\":\"ListItem\",\"position\":2,\"name\":\"Poetry for the Soul\"}]},{\"@type\":\"WebSite\",\"@id\":\"https:\/\/mbs.edu.co\/#website\",\"url\":\"https:\/\/mbs.edu.co\/\",\"name\":\"Montessori British School\",\"description\":\"Colegio mixto calendario B, internacional, multiling\u00fce e intercultural que basa su ense\u00f1anza en la creatividad y la expresi\u00f3n.\",\"publisher\":{\"@id\":\"https:\/\/mbs.edu.co\/#organization\"},\"potentialAction\":[{\"@type\":\"SearchAction\",\"target\":{\"@type\":\"EntryPoint\",\"urlTemplate\":\"https:\/\/mbs.edu.co\/?s={search_term_string}\"},\"query-input\":{\"@type\":\"PropertyValueSpecification\",\"valueRequired\":true,\"valueName\":\"search_term_string\"}}],\"inLanguage\":\"en-GB\"},{\"@type\":\"Organization\",\"@id\":\"https:\/\/mbs.edu.co\/#organization\",\"name\":\"Montessori British School\",\"url\":\"https:\/\/mbs.edu.co\/\",\"logo\":{\"@type\":\"ImageObject\",\"inLanguage\":\"en-GB\",\"@id\":\"https:\/\/mbs.edu.co\/#\/schema\/logo\/image\/\",\"url\":\"https:\/\/mbs.edu.co\/wp-content\/uploads\/2020\/10\/LOGO-MBS-montessori-2.png\",\"contentUrl\":\"https:\/\/mbs.edu.co\/wp-content\/uploads\/2020\/10\/LOGO-MBS-montessori-2.png\",\"width\":800,\"height\":366,\"caption\":\"Montessori British School\"},\"image\":{\"@id\":\"https:\/\/mbs.edu.co\/#\/schema\/logo\/image\/\"},\"sameAs\":[\"https:\/\/www.facebook.com\/montessoribritishschool\",\"https:\/\/www.instagram.com\/oficialmbs\/\",\"https:\/\/www.linkedin.com\/company\/montessori-british-school-mbs\/mycompany\/?viewAsMember=true\"]}]}<\/script>\n<!-- \/ Yoast SEO plugin. -->","yoast_head_json":{"title":"Poetry for the Soul &#8226; Montessori British School","robots":{"index":"index","follow":"follow","max-snippet":"max-snippet:-1","max-image-preview":"max-image-preview:large","max-video-preview":"max-video-preview:-1"},"canonical":"https:\/\/mbs.edu.co\/en\/poetry-for-the-soul\/","og_locale":"en_GB","og_type":"article","og_title":"Poetry for the Soul &#8226; Montessori British School","og_description":"Descubre la magia de la poes\u00eda&#8230; Poetry for the Soul 2026 Poetry for the Soul 2025 Poetry for the Soul 2024","og_url":"https:\/\/mbs.edu.co\/en\/poetry-for-the-soul\/","og_site_name":"Montessori British School","article_publisher":"https:\/\/www.facebook.com\/montessoribritishschool","article_modified_time":"2026-02-18T16:15:55+00:00","twitter_card":"summary_large_image","twitter_misc":{"Estimated reading time":"1 minute"},"schema":{"@context":"https:\/\/schema.org","@graph":[{"@type":"WebPage","@id":"https:\/\/mbs.edu.co\/poetry-for-the-soul\/","url":"https:\/\/mbs.edu.co\/poetry-for-the-soul\/","name":"Poetry for the Soul &#8226; Montessori British School","isPartOf":{"@id":"https:\/\/mbs.edu.co\/#website"},"datePublished":"2024-04-18T14:46:25+00:00","dateModified":"2026-02-18T16:15:55+00:00","breadcrumb":{"@id":"https:\/\/mbs.edu.co\/poetry-for-the-soul\/#breadcrumb"},"inLanguage":"en-GB","potentialAction":[{"@type":"ReadAction","target":["https:\/\/mbs.edu.co\/poetry-for-the-soul\/"]}]},{"@type":"BreadcrumbList","@id":"https:\/\/mbs.edu.co\/poetry-for-the-soul\/#breadcrumb","itemListElement":[{"@type":"ListItem","position":1,"name":"Portada","item":"https:\/\/mbs.edu.co\/"},{"@type":"ListItem","position":2,"name":"Poetry for the Soul"}]},{"@type":"WebSite","@id":"https:\/\/mbs.edu.co\/#website","url":"https:\/\/mbs.edu.co\/","name":"Montessori British School","description":"Colegio mixto calendario B, internacional, multiling\u00fce e intercultural que basa su ense\u00f1anza en la creatividad y la expresi\u00f3n.","publisher":{"@id":"https:\/\/mbs.edu.co\/#organization"},"potentialAction":[{"@type":"SearchAction","target":{"@type":"EntryPoint","urlTemplate":"https:\/\/mbs.edu.co\/?s={search_term_string}"},"query-input":{"@type":"PropertyValueSpecification","valueRequired":true,"valueName":"search_term_string"}}],"inLanguage":"en-GB"},{"@type":"Organization","@id":"https:\/\/mbs.edu.co\/#organization","name":"Montessori British School","url":"https:\/\/mbs.edu.co\/","logo":{"@type":"ImageObject","inLanguage":"en-GB","@id":"https:\/\/mbs.edu.co\/#\/schema\/logo\/image\/","url":"https:\/\/mbs.edu.co\/wp-content\/uploads\/2020\/10\/LOGO-MBS-montessori-2.png","contentUrl":"https:\/\/mbs.edu.co\/wp-content\/uploads\/2020\/10\/LOGO-MBS-montessori-2.png","width":800,"height":366,"caption":"Montessori British School"},"image":{"@id":"https:\/\/mbs.edu.co\/#\/schema\/logo\/image\/"},"sameAs":["https:\/\/www.facebook.com\/montessoribritishschool","https:\/\/www.instagram.com\/oficialmbs\/","https:\/\/www.linkedin.com\/company\/montessori-british-school-mbs\/mycompany\/?viewAsMember=true"]}]}},"_links":{"self":[{"href":"https:\/\/mbs.edu.co\/en\/wp-json\/wp\/v2\/pages\/32382","targetHints":{"allow":["GET"]}}],"collection":[{"href":"https:\/\/mbs.edu.co\/en\/wp-json\/wp\/v2\/pages"}],"about":[{"href":"https:\/\/mbs.edu.co\/en\/wp-json\/wp\/v2\/types\/page"}],"author":[{"embeddable":true,"href":"https:\/\/mbs.edu.co\/en\/wp-json\/wp\/v2\/users\/6"}],"replies":[{"embeddable":true,"href":"https:\/\/mbs.edu.co\/en\/wp-json\/wp\/v2\/comments?post=32382"}],"version-history":[{"count":18,"href":"https:\/\/mbs.edu.co\/en\/wp-json\/wp\/v2\/pages\/32382\/revisions"}],"predecessor-version":[{"id":49449,"href":"https:\/\/mbs.edu.co\/en\/wp-json\/wp\/v2\/pages\/32382\/revisions\/49449"}],"wp:attachment":[{"href":"https:\/\/mbs.edu.co\/en\/wp-json\/wp\/v2\/media?parent=32382"}],"curies":[{"name":"wp","href":"https:\/\/api.w.org\/{rel}","templated":true}]}}