{"id":21072,"date":"2023-05-09T12:40:18","date_gmt":"2023-05-09T17:40:18","guid":{"rendered":"https:\/\/mbs.edu.co\/?page_id=21072"},"modified":"2025-10-17T10:46:49","modified_gmt":"2025-10-17T15:46:49","slug":"jovenes-periodistas-tercero","status":"publish","type":"page","link":"https:\/\/mbs.edu.co\/en\/jovenes-periodistas-tercero\/","title":{"rendered":"Jovenes Periodistas Tercero"},"content":{"rendered":"<div data-elementor-type=\"wp-page\" data-elementor-id=\"21072\" class=\"elementor elementor-21072\" data-elementor-post-type=\"page\">\n\t\t\t\t<div class=\"elementor-element elementor-element-2a5dff9 e-con-full e-flex e-con e-parent\" data-id=\"2a5dff9\" data-element_type=\"container\" data-e-type=\"container\" data-settings=\"{&quot;shape_divider_bottom&quot;:&quot;curve&quot;,&quot;shape_divider_bottom_negative&quot;:&quot;yes&quot;}\">\n\t\t\t\t<div class=\"elementor-shape elementor-shape-bottom\" aria-hidden=\"true\" data-negative=\"true\">\n\t\t\t<svg xmlns=\"http:\/\/www.w3.org\/2000\/svg\" viewbox=\"0 0 1000 100\" preserveaspectratio=\"none\">\n\t<path class=\"elementor-shape-fill\" d=\"M500,97C126.7,96.3,0.8,19.8,0,0v100l1000,0V1C1000,19.4,873.3,97.8,500,97z\"\/>\n<\/svg>\t\t<\/div>\n\t\t<div class=\"elementor-element elementor-element-c45f60f e-con-full e-flex e-con e-child\" data-id=\"c45f60f\" data-element_type=\"container\" data-e-type=\"container\">\n\t\t\t\t<\/div>\n\t\t\t\t<\/div>\n\t\t<div class=\"elementor-element elementor-element-a77cb93 e-flex e-con-boxed e-con e-parent\" data-id=\"a77cb93\" data-element_type=\"container\" data-e-type=\"container\">\n\t\t\t\t\t<div class=\"e-con-inner\">\n\t\t<div class=\"elementor-element elementor-element-f41beab e-con-full e-flex e-con e-child\" data-id=\"f41beab\" data-element_type=\"container\" data-e-type=\"container\">\n\t\t\t\t<div class=\"elementor-element elementor-element-bef209d elementor-widget elementor-widget-heading\" data-id=\"bef209d\" data-element_type=\"widget\" data-e-type=\"widget\" data-widget_type=\"heading.default\">\n\t\t\t\t\t<h1 class=\"elementor-heading-title elementor-size-default\">OUR YOUNG JOURNALISTS <\/h1>\t\t\t\t<\/div>\n\t\t\t\t<div class=\"elementor-element elementor-element-090bef8 elementor-widget elementor-widget-heading\" data-id=\"090bef8\" data-element_type=\"widget\" data-e-type=\"widget\" data-widget_type=\"heading.default\">\n\t\t\t\t\t<h2 class=\"elementor-heading-title elementor-size-default\">Third Grade<\/h2>\t\t\t\t<\/div>\n\t\t\t\t<div class=\"elementor-element elementor-element-379360f elementor-widget elementor-widget-text-editor\" data-id=\"379360f\" data-element_type=\"widget\" data-e-type=\"widget\" data-widget_type=\"text-editor.default\">\n\t\t\t\t\t\t\t\t\t<p>Young Journalists Third: Third-grade students continue to improve their communication skills and mastery of the Spanish language by recording a television program. As journalists on set, they visit the MBS video studio, as well as other areas of the school. There, they take on the roles of correspondents, presenters, cameramen, sound engineers, producers, and lighting technicians.<\/p><p>This activity brought forth three newscasts with information of the\u00a0students' own choosing.<\/p>\t\t\t\t\t\t\t\t<\/div>\n\t\t\t\t<\/div>\n\t\t\t\t\t<\/div>\n\t\t\t\t<\/div>\n\t\t<div class=\"elementor-element elementor-element-51fff3b e-flex e-con-boxed e-con e-parent\" data-id=\"51fff3b\" data-element_type=\"container\" data-e-type=\"container\">\n\t\t\t\t\t<div class=\"e-con-inner\">\n\t\t<div class=\"elementor-element elementor-element-202b7c8 e-con-full e-flex e-con e-child\" data-id=\"202b7c8\" data-element_type=\"container\" data-e-type=\"container\">\n\t\t\t\t<div class=\"elementor-element elementor-element-cef72d7 elementor-widget elementor-widget-heading\" data-id=\"cef72d7\" data-element_type=\"widget\" data-e-type=\"widget\" data-widget_type=\"heading.default\">\n\t\t\t\t\t<h2 class=\"elementor-heading-title elementor-size-default\">Reports 2024\u20132025.<\/h2>\t\t\t\t<\/div>\n\t\t\t\t<\/div>\n\t\t\t\t\t<\/div>\n\t\t\t\t<\/div>\n\t\t<div class=\"elementor-element elementor-element-a02f2e9 e-grid e-con-boxed e-con e-parent\" data-id=\"a02f2e9\" data-element_type=\"container\" data-e-type=\"container\" data-settings=\"{&quot;background_background&quot;:&quot;classic&quot;}\">\n\t\t\t\t\t<div class=\"e-con-inner\">\n\t\t<div class=\"elementor-element elementor-element-6b5baa0 e-con-full e-flex e-con e-child\" data-id=\"6b5baa0\" data-element_type=\"container\" data-e-type=\"container\">\n\t\t\t\t<div class=\"elementor-element elementor-element-77174f7 elementor-widget elementor-widget-heading\" data-id=\"77174f7\" data-element_type=\"widget\" data-e-type=\"widget\" data-widget_type=\"heading.default\">\n\t\t\t\t\t<h3 class=\"elementor-heading-title elementor-size-default\">Kandinsky<\/h3>\t\t\t\t<\/div>\n\t\t\t\t<div class=\"elementor-element elementor-element-30e1a05 elementor-widget elementor-widget-video\" data-id=\"30e1a05\" data-element_type=\"widget\" data-e-type=\"widget\" data-settings=\"{&quot;video_type&quot;:&quot;vimeo&quot;}\" data-widget_type=\"video.default\">\n\t\t\t\t\t\t\t<div class=\"elementor-wrapper elementor-open-inline\">\n\t\t\t<iframe class=\"elementor-video-iframe\" allowfullscreen allow=\"clipboard-write\" title=\"Reproductor de v\u00eddeo vimeo\" src=\"https:\/\/player.vimeo.com\/video\/1090480766?color&amp;autopause=0&amp;loop=0&amp;muted=0&amp;title=1&amp;portrait=1&amp;byline=1#t=\"><\/iframe>\t\t<\/div>\n\t\t\t\t\t\t<\/div>\n\t\t\t\t<\/div>\n\t\t<div class=\"elementor-element elementor-element-2994321 e-con-full e-flex e-con e-child\" data-id=\"2994321\" data-element_type=\"container\" data-e-type=\"container\">\n\t\t\t\t<div class=\"elementor-element elementor-element-a65c2d1 elementor-widget elementor-widget-heading\" data-id=\"a65c2d1\" data-element_type=\"widget\" data-e-type=\"widget\" data-widget_type=\"heading.default\">\n\t\t\t\t\t<h3 class=\"elementor-heading-title elementor-size-default\">Bernard<\/h3>\t\t\t\t<\/div>\n\t\t\t\t<div class=\"elementor-element elementor-element-999b122 elementor-widget elementor-widget-video\" data-id=\"999b122\" data-element_type=\"widget\" data-e-type=\"widget\" data-settings=\"{&quot;video_type&quot;:&quot;vimeo&quot;}\" data-widget_type=\"video.default\">\n\t\t\t\t\t\t\t<div class=\"elementor-wrapper elementor-open-inline\">\n\t\t\t<iframe class=\"elementor-video-iframe\" allowfullscreen allow=\"clipboard-write\" title=\"Reproductor de v\u00eddeo vimeo\" src=\"https:\/\/player.vimeo.com\/video\/1090482137?color&amp;autopause=0&amp;loop=0&amp;muted=0&amp;title=1&amp;portrait=1&amp;byline=1#t=\"><\/iframe>\t\t<\/div>\n\t\t\t\t\t\t<\/div>\n\t\t\t\t<\/div>\n\t\t<div class=\"elementor-element elementor-element-b3e9551 e-con-full e-flex e-con e-child\" data-id=\"b3e9551\" data-element_type=\"container\" data-e-type=\"container\">\n\t\t\t\t<div class=\"elementor-element elementor-element-cda60fc elementor-widget elementor-widget-heading\" data-id=\"cda60fc\" data-element_type=\"widget\" data-e-type=\"widget\" data-widget_type=\"heading.default\">\n\t\t\t\t\t<h3 class=\"elementor-heading-title elementor-size-default\">Baldor<\/h3>\t\t\t\t<\/div>\n\t\t\t\t<div class=\"elementor-element elementor-element-0455fcf elementor-widget elementor-widget-video\" data-id=\"0455fcf\" data-element_type=\"widget\" data-e-type=\"widget\" data-settings=\"{&quot;video_type&quot;:&quot;vimeo&quot;}\" data-widget_type=\"video.default\">\n\t\t\t\t\t\t\t<div class=\"elementor-wrapper elementor-open-inline\">\n\t\t\t<iframe class=\"elementor-video-iframe\" allowfullscreen allow=\"clipboard-write\" title=\"Reproductor de v\u00eddeo vimeo\" src=\"https:\/\/player.vimeo.com\/video\/1090484956?color&amp;autopause=0&amp;loop=0&amp;muted=0&amp;title=1&amp;portrait=1&amp;byline=1#t=\"><\/iframe>\t\t<\/div>\n\t\t\t\t\t\t<\/div>\n\t\t\t\t<\/div>\n\t\t\t\t<div class=\"elementor-element elementor-element-447c6a8 elementor-hidden-widescreen elementor-hidden-desktop elementor-hidden-mobile elementor-widget elementor-widget-spacer\" data-id=\"447c6a8\" data-element_type=\"widget\" data-e-type=\"widget\" data-widget_type=\"spacer.default\">\n\t\t\t\t\t\t\t<div class=\"elementor-spacer\">\n\t\t\t<div class=\"elementor-spacer-inner\"><\/div>\n\t\t<\/div>\n\t\t\t\t\t\t<\/div>\n\t\t<div class=\"elementor-element elementor-element-e3be5c5 e-con-full e-flex e-con e-child\" data-id=\"e3be5c5\" data-element_type=\"container\" data-e-type=\"container\">\n\t\t\t\t<div class=\"elementor-element elementor-element-7107d12 elementor-widget elementor-widget-heading\" data-id=\"7107d12\" data-element_type=\"widget\" data-e-type=\"widget\" data-widget_type=\"heading.default\">\n\t\t\t\t\t<h3 class=\"elementor-heading-title elementor-size-default\">Neruda<\/h3>\t\t\t\t<\/div>\n\t\t\t\t<div class=\"elementor-element elementor-element-4b4f39b elementor-widget elementor-widget-video\" data-id=\"4b4f39b\" data-element_type=\"widget\" data-e-type=\"widget\" data-settings=\"{&quot;video_type&quot;:&quot;vimeo&quot;}\" data-widget_type=\"video.default\">\n\t\t\t\t\t\t\t<div class=\"elementor-wrapper elementor-open-inline\">\n\t\t\t<iframe class=\"elementor-video-iframe\" allowfullscreen allow=\"clipboard-write\" title=\"Reproductor de v\u00eddeo vimeo\" src=\"https:\/\/player.vimeo.com\/video\/1090489137?color&amp;autopause=0&amp;loop=0&amp;muted=0&amp;title=1&amp;portrait=1&amp;byline=1#t=\"><\/iframe>\t\t<\/div>\n\t\t\t\t\t\t<\/div>\n\t\t\t\t<\/div>\n\t\t\t\t\t<\/div>\n\t\t\t\t<\/div>\n\t\t<div class=\"elementor-element elementor-element-839a477 e-flex e-con-boxed e-con e-parent\" data-id=\"839a477\" data-element_type=\"container\" data-e-type=\"container\">\n\t\t\t\t\t<div class=\"e-con-inner\">\n\t\t<div class=\"elementor-element elementor-element-160dbfb e-con-full e-flex e-con e-child\" data-id=\"160dbfb\" data-element_type=\"container\" data-e-type=\"container\">\n\t\t\t\t<div class=\"elementor-element elementor-element-95917a2 elementor-widget elementor-widget-heading\" data-id=\"95917a2\" data-element_type=\"widget\" data-e-type=\"widget\" data-widget_type=\"heading.default\">\n\t\t\t\t\t<h2 class=\"elementor-heading-title elementor-size-default\">Reports 2023\u20132024.<\/h2>\t\t\t\t<\/div>\n\t\t\t\t<\/div>\n\t\t\t\t\t<\/div>\n\t\t\t\t<\/div>\n\t\t<div class=\"elementor-element elementor-element-c7fcbf8 e-flex e-con-boxed e-con e-parent\" data-id=\"c7fcbf8\" data-element_type=\"container\" data-e-type=\"container\" data-settings=\"{&quot;background_background&quot;:&quot;classic&quot;}\">\n\t\t\t\t\t<div class=\"e-con-inner\">\n\t\t<div class=\"elementor-element elementor-element-2c26aee e-con-full e-flex e-con e-child\" data-id=\"2c26aee\" data-element_type=\"container\" data-e-type=\"container\">\n\t\t\t\t<div class=\"elementor-element elementor-element-274b852 elementor-widget elementor-widget-heading\" data-id=\"274b852\" data-element_type=\"widget\" data-e-type=\"widget\" data-widget_type=\"heading.default\">\n\t\t\t\t\t<h3 class=\"elementor-heading-title elementor-size-default\">Doyle<\/h3>\t\t\t\t<\/div>\n\t\t\t\t<div class=\"elementor-element elementor-element-146c4e3 elementor-widget elementor-widget-video\" data-id=\"146c4e3\" data-element_type=\"widget\" data-e-type=\"widget\" data-settings=\"{&quot;video_type&quot;:&quot;vimeo&quot;}\" data-widget_type=\"video.default\">\n\t\t\t\t\t\t\t<div class=\"elementor-wrapper elementor-open-inline\">\n\t\t\t<iframe class=\"elementor-video-iframe\" allowfullscreen allow=\"clipboard-write\" title=\"Reproductor de v\u00eddeo vimeo\" src=\"https:\/\/player.vimeo.com\/video\/929557156?color&amp;autopause=0&amp;loop=0&amp;muted=0&amp;title=1&amp;portrait=1&amp;byline=1#t=\"><\/iframe>\t\t<\/div>\n\t\t\t\t\t\t<\/div>\n\t\t\t\t<\/div>\n\t\t<div class=\"elementor-element elementor-element-593b8a3 e-con-full e-flex e-con e-child\" data-id=\"593b8a3\" data-element_type=\"container\" data-e-type=\"container\">\n\t\t\t\t<div class=\"elementor-element elementor-element-9832a12 elementor-widget elementor-widget-heading\" data-id=\"9832a12\" data-element_type=\"widget\" data-e-type=\"widget\" data-widget_type=\"heading.default\">\n\t\t\t\t\t<h3 class=\"elementor-heading-title elementor-size-default\">Neruda<\/h3>\t\t\t\t<\/div>\n\t\t\t\t<div class=\"elementor-element elementor-element-920238a elementor-widget elementor-widget-video\" data-id=\"920238a\" data-element_type=\"widget\" data-e-type=\"widget\" data-settings=\"{&quot;video_type&quot;:&quot;vimeo&quot;}\" data-widget_type=\"video.default\">\n\t\t\t\t\t\t\t<div class=\"elementor-wrapper elementor-open-inline\">\n\t\t\t<iframe class=\"elementor-video-iframe\" allowfullscreen allow=\"clipboard-write\" title=\"Reproductor de v\u00eddeo vimeo\" src=\"https:\/\/player.vimeo.com\/video\/926625017?color&amp;autopause=0&amp;loop=0&amp;muted=0&amp;title=1&amp;portrait=1&amp;byline=1#t=\"><\/iframe>\t\t<\/div>\n\t\t\t\t\t\t<\/div>\n\t\t\t\t<\/div>\n\t\t\t\t\t<\/div>\n\t\t\t\t<\/div>\n\t\t<div class=\"elementor-element elementor-element-6afa7e3 e-flex e-con-boxed e-con e-parent\" data-id=\"6afa7e3\" data-element_type=\"container\" data-e-type=\"container\">\n\t\t\t\t\t<div class=\"e-con-inner\">\n\t\t<div class=\"elementor-element elementor-element-bcec5c6 e-con-full e-flex e-con e-child\" data-id=\"bcec5c6\" data-element_type=\"container\" data-e-type=\"container\">\n\t\t\t\t<div class=\"elementor-element elementor-element-37ec46a elementor-widget elementor-widget-heading\" data-id=\"37ec46a\" data-element_type=\"widget\" data-e-type=\"widget\" data-widget_type=\"heading.default\">\n\t\t\t\t\t<h2 class=\"elementor-heading-title elementor-size-default\">Reports 2022\u20132023.<\/h2>\t\t\t\t<\/div>\n\t\t\t\t<\/div>\n\t\t\t\t\t<\/div>\n\t\t\t\t<\/div>\n\t\t<div class=\"elementor-element elementor-element-14d2b5f e-flex e-con-boxed e-con e-parent\" data-id=\"14d2b5f\" data-element_type=\"container\" data-e-type=\"container\" data-settings=\"{&quot;background_background&quot;:&quot;classic&quot;}\">\n\t\t\t\t\t<div class=\"e-con-inner\">\n\t\t<div class=\"elementor-element elementor-element-489f2ad e-con-full e-flex e-con e-child\" data-id=\"489f2ad\" data-element_type=\"container\" data-e-type=\"container\">\n\t\t\t\t<div class=\"elementor-element elementor-element-9686199 elementor-widget elementor-widget-heading\" data-id=\"9686199\" data-element_type=\"widget\" data-e-type=\"widget\" data-widget_type=\"heading.default\">\n\t\t\t\t\t<h3 class=\"elementor-heading-title elementor-size-default\">Bernard<\/h3>\t\t\t\t<\/div>\n\t\t\t\t<div class=\"elementor-element elementor-element-409a253 elementor-widget elementor-widget-video\" data-id=\"409a253\" data-element_type=\"widget\" data-e-type=\"widget\" data-settings=\"{&quot;video_type&quot;:&quot;vimeo&quot;}\" data-widget_type=\"video.default\">\n\t\t\t\t\t\t\t<div class=\"elementor-wrapper elementor-open-inline\">\n\t\t\t<iframe class=\"elementor-video-iframe\" allowfullscreen allow=\"clipboard-write\" title=\"Reproductor de v\u00eddeo vimeo\" src=\"https:\/\/player.vimeo.com\/video\/825930416?color&amp;autopause=0&amp;loop=0&amp;muted=0&amp;title=1&amp;portrait=1&amp;byline=1#t=\"><\/iframe>\t\t<\/div>\n\t\t\t\t\t\t<\/div>\n\t\t\t\t<\/div>\n\t\t<div class=\"elementor-element elementor-element-6196ef6 e-con-full e-flex e-con e-child\" data-id=\"6196ef6\" data-element_type=\"container\" data-e-type=\"container\">\n\t\t\t\t<div class=\"elementor-element elementor-element-f531f5a elementor-widget elementor-widget-heading\" data-id=\"f531f5a\" data-element_type=\"widget\" data-e-type=\"widget\" data-widget_type=\"heading.default\">\n\t\t\t\t\t<h3 class=\"elementor-heading-title elementor-size-default\">Doyle<\/h3>\t\t\t\t<\/div>\n\t\t\t\t<div class=\"elementor-element elementor-element-7571d3c elementor-widget elementor-widget-video\" data-id=\"7571d3c\" data-element_type=\"widget\" data-e-type=\"widget\" data-settings=\"{&quot;video_type&quot;:&quot;vimeo&quot;}\" data-widget_type=\"video.default\">\n\t\t\t\t\t\t\t<div class=\"elementor-wrapper elementor-open-inline\">\n\t\t\t<iframe class=\"elementor-video-iframe\" allowfullscreen allow=\"clipboard-write\" title=\"Reproductor de v\u00eddeo vimeo\" src=\"https:\/\/player.vimeo.com\/video\/825930648?color&amp;autopause=0&amp;loop=0&amp;muted=0&amp;title=1&amp;portrait=1&amp;byline=1#t=\"><\/iframe>\t\t<\/div>\n\t\t\t\t\t\t<\/div>\n\t\t\t\t<\/div>\n\t\t<div class=\"elementor-element elementor-element-4705e58 e-con-full e-flex e-con e-child\" data-id=\"4705e58\" data-element_type=\"container\" data-e-type=\"container\">\n\t\t\t\t<div class=\"elementor-element elementor-element-5ef70ad elementor-widget elementor-widget-heading\" data-id=\"5ef70ad\" data-element_type=\"widget\" data-e-type=\"widget\" data-widget_type=\"heading.default\">\n\t\t\t\t\t<h3 class=\"elementor-heading-title elementor-size-default\">Neruda<\/h3>\t\t\t\t<\/div>\n\t\t\t\t<div class=\"elementor-element elementor-element-730a8ad elementor-widget elementor-widget-video\" data-id=\"730a8ad\" data-element_type=\"widget\" data-e-type=\"widget\" data-settings=\"{&quot;video_type&quot;:&quot;vimeo&quot;}\" data-widget_type=\"video.default\">\n\t\t\t\t\t\t\t<div class=\"elementor-wrapper elementor-open-inline\">\n\t\t\t<iframe class=\"elementor-video-iframe\" allowfullscreen allow=\"clipboard-write\" title=\"Reproductor de v\u00eddeo vimeo\" src=\"https:\/\/player.vimeo.com\/video\/825931100?color&amp;autopause=0&amp;loop=0&amp;muted=0&amp;title=1&amp;portrait=1&amp;byline=1#t=\"><\/iframe>\t\t<\/div>\n\t\t\t\t\t\t<\/div>\n\t\t\t\t<\/div>\n\t\t\t\t\t<\/div>\n\t\t\t\t<\/div>\n\t\t\t\t<\/div>","protected":false},"excerpt":{"rendered":"<p>NUESTROS J\u00d3VENES PERIODISTAS Grado Tercero Jovenes periodistas tercero: Los estudiantes de tercer grado contin\u00faan mejorando sus habilidades de comunicaci\u00f3n y su dominio del idioma espa\u00f1ol a trav\u00e9s de la grabaci\u00f3n de un programa de televisi\u00f3n. Como periodistas en el plat\u00f3, ellos visitan el estudio de video de MBS, as\u00ed como otros espacios del colegio. All\u00ed&hellip;&nbsp;<a href=\"https:\/\/mbs.edu.co\/en\/jovenes-periodistas-tercero\/\" rel=\"bookmark\">Read More &raquo;<span class=\"screen-reader-text\">Jovenes Periodistas Tercero<\/span><\/a><\/p>","protected":false},"author":6,"featured_media":0,"parent":0,"menu_order":0,"comment_status":"closed","ping_status":"closed","template":"","meta":{"neve_meta_sidebar":"full-width","neve_meta_container":"","neve_meta_enable_content_width":"on","neve_meta_content_width":100,"neve_meta_title_alignment":"","neve_meta_author_avatar":"","neve_post_elements_order":"","neve_meta_disable_header":"","neve_meta_disable_footer":"","neve_meta_disable_title":"","footnotes":""},"class_list":["post-21072","page","type-page","status-publish","hentry"],"yoast_head":"<!-- This site is optimized with the Yoast SEO plugin v27.3 - https:\/\/yoast.com\/product\/yoast-seo-wordpress\/ -->\n<title>Jovenes periodistas tercero<\/title>\n<meta name=\"description\" content=\"Jovenes periodistas tercero: Los estudiantes contin\u00faan mejorando sus habilidades de comunicaci\u00f3n a trav\u00e9s de la grabaci\u00f3n de un programa.\" \/>\n<meta name=\"robots\" content=\"index, follow, max-snippet:-1, max-image-preview:large, max-video-preview:-1\" \/>\n<link rel=\"canonical\" href=\"https:\/\/mbs.edu.co\/en\/jovenes-periodistas-tercero\/\" \/>\n<meta property=\"og:locale\" content=\"en_GB\" \/>\n<meta property=\"og:type\" content=\"article\" \/>\n<meta property=\"og:title\" content=\"Jovenes periodistas tercero\" \/>\n<meta property=\"og:description\" content=\"Jovenes periodistas tercero: Los estudiantes contin\u00faan mejorando sus habilidades de comunicaci\u00f3n a trav\u00e9s de la grabaci\u00f3n de un programa.\" \/>\n<meta property=\"og:url\" content=\"https:\/\/mbs.edu.co\/en\/jovenes-periodistas-tercero\/\" \/>\n<meta property=\"og:site_name\" content=\"Montessori British School\" \/>\n<meta property=\"article:publisher\" content=\"https:\/\/www.facebook.com\/montessoribritishschool\" \/>\n<meta property=\"article:modified_time\" content=\"2025-10-17T15:46:49+00:00\" \/>\n<meta name=\"twitter:card\" content=\"summary_large_image\" \/>\n<meta name=\"twitter:label1\" content=\"Estimated reading time\" \/>\n\t<meta name=\"twitter:data1\" content=\"1 minute\" \/>\n<script type=\"application\/ld+json\" class=\"yoast-schema-graph\">{\"@context\":\"https:\\\/\\\/schema.org\",\"@graph\":[{\"@type\":\"WebPage\",\"@id\":\"https:\\\/\\\/mbs.edu.co\\\/jovenes-periodistas-tercero\\\/\",\"url\":\"https:\\\/\\\/mbs.edu.co\\\/jovenes-periodistas-tercero\\\/\",\"name\":\"Jovenes periodistas tercero\",\"isPartOf\":{\"@id\":\"https:\\\/\\\/mbs.edu.co\\\/#website\"},\"datePublished\":\"2023-05-09T17:40:18+00:00\",\"dateModified\":\"2025-10-17T15:46:49+00:00\",\"description\":\"Jovenes periodistas tercero: Los estudiantes contin\u00faan mejorando sus habilidades de comunicaci\u00f3n a trav\u00e9s de la grabaci\u00f3n de un programa.\",\"breadcrumb\":{\"@id\":\"https:\\\/\\\/mbs.edu.co\\\/jovenes-periodistas-tercero\\\/#breadcrumb\"},\"inLanguage\":\"en-GB\",\"potentialAction\":[{\"@type\":\"ReadAction\",\"target\":[\"https:\\\/\\\/mbs.edu.co\\\/jovenes-periodistas-tercero\\\/\"]}]},{\"@type\":\"BreadcrumbList\",\"@id\":\"https:\\\/\\\/mbs.edu.co\\\/jovenes-periodistas-tercero\\\/#breadcrumb\",\"itemListElement\":[{\"@type\":\"ListItem\",\"position\":1,\"name\":\"Portada\",\"item\":\"https:\\\/\\\/mbs.edu.co\\\/\"},{\"@type\":\"ListItem\",\"position\":2,\"name\":\"Jovenes Periodistas Tercero\"}]},{\"@type\":\"WebSite\",\"@id\":\"https:\\\/\\\/mbs.edu.co\\\/#website\",\"url\":\"https:\\\/\\\/mbs.edu.co\\\/\",\"name\":\"Montessori British School\",\"description\":\"Colegio mixto calendario B, internacional, multiling\u00fce e intercultural que basa su ense\u00f1anza en la creatividad y la expresi\u00f3n.\",\"publisher\":{\"@id\":\"https:\\\/\\\/mbs.edu.co\\\/#organization\"},\"potentialAction\":[{\"@type\":\"SearchAction\",\"target\":{\"@type\":\"EntryPoint\",\"urlTemplate\":\"https:\\\/\\\/mbs.edu.co\\\/?s={search_term_string}\"},\"query-input\":{\"@type\":\"PropertyValueSpecification\",\"valueRequired\":true,\"valueName\":\"search_term_string\"}}],\"inLanguage\":\"en-GB\"},{\"@type\":\"Organization\",\"@id\":\"https:\\\/\\\/mbs.edu.co\\\/#organization\",\"name\":\"Montessori British School\",\"url\":\"https:\\\/\\\/mbs.edu.co\\\/\",\"logo\":{\"@type\":\"ImageObject\",\"inLanguage\":\"en-GB\",\"@id\":\"https:\\\/\\\/mbs.edu.co\\\/#\\\/schema\\\/logo\\\/image\\\/\",\"url\":\"https:\\\/\\\/mbs.edu.co\\\/wp-content\\\/uploads\\\/2020\\\/10\\\/LOGO-MBS-montessori-2.png\",\"contentUrl\":\"https:\\\/\\\/mbs.edu.co\\\/wp-content\\\/uploads\\\/2020\\\/10\\\/LOGO-MBS-montessori-2.png\",\"width\":800,\"height\":366,\"caption\":\"Montessori British School\"},\"image\":{\"@id\":\"https:\\\/\\\/mbs.edu.co\\\/#\\\/schema\\\/logo\\\/image\\\/\"},\"sameAs\":[\"https:\\\/\\\/www.facebook.com\\\/montessoribritishschool\",\"https:\\\/\\\/www.instagram.com\\\/oficialmbs\\\/\",\"https:\\\/\\\/www.linkedin.com\\\/company\\\/montessori-british-school-mbs\\\/mycompany\\\/?viewAsMember=true\"]}]}<\/script>\n<!-- \/ Yoast SEO plugin. -->","yoast_head_json":{"title":"Jovenes periodistas tercero","description":"Jovenes periodistas tercero: Los estudiantes contin\u00faan mejorando sus habilidades de comunicaci\u00f3n a trav\u00e9s de la grabaci\u00f3n de un programa.","robots":{"index":"index","follow":"follow","max-snippet":"max-snippet:-1","max-image-preview":"max-image-preview:large","max-video-preview":"max-video-preview:-1"},"canonical":"https:\/\/mbs.edu.co\/en\/jovenes-periodistas-tercero\/","og_locale":"en_GB","og_type":"article","og_title":"Jovenes periodistas tercero","og_description":"Jovenes periodistas tercero: Los estudiantes contin\u00faan mejorando sus habilidades de comunicaci\u00f3n a trav\u00e9s de la grabaci\u00f3n de un programa.","og_url":"https:\/\/mbs.edu.co\/en\/jovenes-periodistas-tercero\/","og_site_name":"Montessori British School","article_publisher":"https:\/\/www.facebook.com\/montessoribritishschool","article_modified_time":"2025-10-17T15:46:49+00:00","twitter_card":"summary_large_image","twitter_misc":{"Estimated reading time":"1 minute"},"schema":{"@context":"https:\/\/schema.org","@graph":[{"@type":"WebPage","@id":"https:\/\/mbs.edu.co\/jovenes-periodistas-tercero\/","url":"https:\/\/mbs.edu.co\/jovenes-periodistas-tercero\/","name":"Jovenes periodistas tercero","isPartOf":{"@id":"https:\/\/mbs.edu.co\/#website"},"datePublished":"2023-05-09T17:40:18+00:00","dateModified":"2025-10-17T15:46:49+00:00","description":"Jovenes periodistas tercero: Los estudiantes contin\u00faan mejorando sus habilidades de comunicaci\u00f3n a trav\u00e9s de la grabaci\u00f3n de un programa.","breadcrumb":{"@id":"https:\/\/mbs.edu.co\/jovenes-periodistas-tercero\/#breadcrumb"},"inLanguage":"en-GB","potentialAction":[{"@type":"ReadAction","target":["https:\/\/mbs.edu.co\/jovenes-periodistas-tercero\/"]}]},{"@type":"BreadcrumbList","@id":"https:\/\/mbs.edu.co\/jovenes-periodistas-tercero\/#breadcrumb","itemListElement":[{"@type":"ListItem","position":1,"name":"Portada","item":"https:\/\/mbs.edu.co\/"},{"@type":"ListItem","position":2,"name":"Jovenes Periodistas Tercero"}]},{"@type":"WebSite","@id":"https:\/\/mbs.edu.co\/#website","url":"https:\/\/mbs.edu.co\/","name":"Montessori British School","description":"Colegio mixto calendario B, internacional, multiling\u00fce e intercultural que basa su ense\u00f1anza en la creatividad y la expresi\u00f3n.","publisher":{"@id":"https:\/\/mbs.edu.co\/#organization"},"potentialAction":[{"@type":"SearchAction","target":{"@type":"EntryPoint","urlTemplate":"https:\/\/mbs.edu.co\/?s={search_term_string}"},"query-input":{"@type":"PropertyValueSpecification","valueRequired":true,"valueName":"search_term_string"}}],"inLanguage":"en-GB"},{"@type":"Organization","@id":"https:\/\/mbs.edu.co\/#organization","name":"Montessori British School","url":"https:\/\/mbs.edu.co\/","logo":{"@type":"ImageObject","inLanguage":"en-GB","@id":"https:\/\/mbs.edu.co\/#\/schema\/logo\/image\/","url":"https:\/\/mbs.edu.co\/wp-content\/uploads\/2020\/10\/LOGO-MBS-montessori-2.png","contentUrl":"https:\/\/mbs.edu.co\/wp-content\/uploads\/2020\/10\/LOGO-MBS-montessori-2.png","width":800,"height":366,"caption":"Montessori British School"},"image":{"@id":"https:\/\/mbs.edu.co\/#\/schema\/logo\/image\/"},"sameAs":["https:\/\/www.facebook.com\/montessoribritishschool","https:\/\/www.instagram.com\/oficialmbs\/","https:\/\/www.linkedin.com\/company\/montessori-british-school-mbs\/mycompany\/?viewAsMember=true"]}]}},"_links":{"self":[{"href":"https:\/\/mbs.edu.co\/en\/wp-json\/wp\/v2\/pages\/21072","targetHints":{"allow":["GET"]}}],"collection":[{"href":"https:\/\/mbs.edu.co\/en\/wp-json\/wp\/v2\/pages"}],"about":[{"href":"https:\/\/mbs.edu.co\/en\/wp-json\/wp\/v2\/types\/page"}],"author":[{"embeddable":true,"href":"https:\/\/mbs.edu.co\/en\/wp-json\/wp\/v2\/users\/6"}],"replies":[{"embeddable":true,"href":"https:\/\/mbs.edu.co\/en\/wp-json\/wp\/v2\/comments?post=21072"}],"version-history":[{"count":39,"href":"https:\/\/mbs.edu.co\/en\/wp-json\/wp\/v2\/pages\/21072\/revisions"}],"predecessor-version":[{"id":47881,"href":"https:\/\/mbs.edu.co\/en\/wp-json\/wp\/v2\/pages\/21072\/revisions\/47881"}],"wp:attachment":[{"href":"https:\/\/mbs.edu.co\/en\/wp-json\/wp\/v2\/media?parent=21072"}],"curies":[{"name":"wp","href":"https:\/\/api.w.org\/{rel}","templated":true}]}}