{"id":2,"date":"2020-10-06T17:04:22","date_gmt":"2020-10-06T17:04:22","guid":{"rendered":"https:\/\/mbs.edu.co\/?page_id=2"},"modified":"2025-10-16T16:11:50","modified_gmt":"2025-10-16T21:11:50","slug":"preescolar","status":"publish","type":"page","link":"https:\/\/mbs.edu.co\/en\/preescolar\/","title":{"rendered":"Preschool"},"content":{"rendered":"<div data-elementor-type=\"wp-page\" data-elementor-id=\"2\" class=\"elementor elementor-2\" data-elementor-post-type=\"page\">\n\t\t\t\t<div class=\"elementor-element elementor-element-ca09bda e-con-full e-flex e-con e-parent\" data-id=\"ca09bda\" data-element_type=\"container\" data-e-type=\"container\">\n\t\t<div class=\"elementor-element elementor-element-6308962 e-con-full e-flex e-con e-child\" data-id=\"6308962\" data-element_type=\"container\" data-e-type=\"container\">\n\t\t\t\t<div class=\"elementor-element elementor-element-fef136a elementor-widget elementor-widget-heading\" data-id=\"fef136a\" data-element_type=\"widget\" data-e-type=\"widget\" data-widget_type=\"heading.default\">\n\t\t\t\t\t<h1 class=\"elementor-heading-title elementor-size-default\">READING PLAN<\/h1>\t\t\t\t<\/div>\n\t\t\t\t<div class=\"elementor-element elementor-element-468819b elementor-widget elementor-widget-heading\" data-id=\"468819b\" data-element_type=\"widget\" data-e-type=\"widget\" data-widget_type=\"heading.default\">\n\t\t\t\t\t<h2 class=\"elementor-heading-title elementor-size-default\">Here you will find the reading plan that your child will follow during the 2025\u20132026 academic year.<\/h2>\t\t\t\t<\/div>\n\t\t\t\t<\/div>\n\t\t\t\t<\/div>\n\t\t<div class=\"elementor-element elementor-element-ebd009d e-con-full e-flex e-con e-parent\" data-id=\"ebd009d\" data-element_type=\"container\" data-e-type=\"container\">\n\t\t<div class=\"elementor-element elementor-element-fadc15b e-con-full e-grid e-con e-child\" data-id=\"fadc15b\" data-element_type=\"container\" data-e-type=\"container\">\n\t\t<div class=\"elementor-element elementor-element-83deaeb e-con-full e-flex e-con e-child\" data-id=\"83deaeb\" data-element_type=\"container\" data-e-type=\"container\">\n\t\t\t\t<div class=\"elementor-element elementor-element-18c15f9 elementor-widget elementor-widget-image\" data-id=\"18c15f9\" data-element_type=\"widget\" data-e-type=\"widget\" data-widget_type=\"image.default\">\n\t\t\t\t\t\t\t\t\t\t\t\t\t\t\t\t<a href=\"https:\/\/mbs.edu.co\/wp-content\/uploads\/2025\/06\/Plan-Lector-Earls-25-26-01.png\" data-elementor-open-lightbox=\"yes\" data-elementor-lightbox-title=\"Plan Lector Earls 25-26-01\" data-e-action-hash=\"#elementor-action%3Aaction%3Dlightbox%26settings%3DeyJpZCI6NDUzOTgsInVybCI6Imh0dHBzOlwvXC9tYnMuZWR1LmNvXC93cC1jb250ZW50XC91cGxvYWRzXC8yMDI1XC8wNlwvUGxhbi1MZWN0b3ItRWFybHMtMjUtMjYtMDEucG5nIn0%3D\">\n\t\t\t\t\t\t\t<img fetchpriority=\"high\" decoding=\"async\" width=\"1024\" height=\"1024\" src=\"https:\/\/mbs.edu.co\/wp-content\/uploads\/2025\/06\/Plan-Lector-Earls-25-26-02.png\" class=\"attachment-large size-large wp-image-45398\" alt=\"\" srcset=\"https:\/\/mbs.edu.co\/wp-content\/uploads\/2025\/06\/Plan-Lector-Earls-25-26-02.png 2250w, https:\/\/mbs.edu.co\/wp-content\/uploads\/2025\/06\/Plan-Lector-Earls-25-26-02-300x300.png 300w, https:\/\/mbs.edu.co\/wp-content\/uploads\/2025\/06\/Plan-Lector-Earls-25-26-02-1024x1024.png 1024w, https:\/\/mbs.edu.co\/wp-content\/uploads\/2025\/06\/Plan-Lector-Earls-25-26-02-150x150.png 150w, https:\/\/mbs.edu.co\/wp-content\/uploads\/2025\/06\/Plan-Lector-Earls-25-26-02-768x768.png 768w, https:\/\/mbs.edu.co\/wp-content\/uploads\/2025\/06\/Plan-Lector-Earls-25-26-02-1536x1536.png 1536w, https:\/\/mbs.edu.co\/wp-content\/uploads\/2025\/06\/Plan-Lector-Earls-25-26-02-2048x2048.png 2048w, https:\/\/mbs.edu.co\/wp-content\/uploads\/2025\/06\/Plan-Lector-Earls-25-26-02-12x12.png 12w\" sizes=\"(max-width: 1024px) 100vw, 1024px\" \/>\t\t\t\t\t\t\t\t<\/a>\n\t\t\t\t\t\t\t\t\t\t\t\t\t\t\t<\/div>\n\t\t\t\t<div class=\"elementor-element elementor-element-fe7cd8c elementor-align-center elementor-widget elementor-widget-button\" data-id=\"fe7cd8c\" data-element_type=\"widget\" data-e-type=\"widget\" data-widget_type=\"button.default\">\n\t\t\t\t\t\t\t\t\t\t<a class=\"elementor-button elementor-button-link elementor-size-sm elementor-animation-shrink\" href=\"https:\/\/mbs.edu.co\/wp-content\/uploads\/2025\/06\/Plan-Lector-Earls-25-26-01.pdf\" target=\"_blank\">\n\t\t\t\t\t\t<span class=\"elementor-button-content-wrapper\">\n\t\t\t\t\t\t\t\t\t<span class=\"elementor-button-text\">Reading Plan book Earls download<\/span>\n\t\t\t\t\t<\/span>\n\t\t\t\t\t<\/a>\n\t\t\t\t\t\t\t\t<\/div>\n\t\t\t\t<\/div>\n\t\t<div class=\"elementor-element elementor-element-a0aca08 e-con-full e-flex e-con e-child\" data-id=\"a0aca08\" data-element_type=\"container\" data-e-type=\"container\">\n\t\t\t\t<div class=\"elementor-element elementor-element-679ab27 elementor-widget elementor-widget-image\" data-id=\"679ab27\" data-element_type=\"widget\" data-e-type=\"widget\" data-widget_type=\"image.default\">\n\t\t\t\t\t\t\t\t\t\t\t\t\t\t\t\t<a href=\"https:\/\/mbs.edu.co\/wp-content\/uploads\/2025\/06\/Plan-Lector-Dukes-25-26-01.png\" data-elementor-open-lightbox=\"yes\" data-elementor-lightbox-title=\"Plan Lector Dukes 25-26-01\" data-e-action-hash=\"#elementor-action%3Aaction%3Dlightbox%26settings%3DeyJpZCI6NDUzOTcsInVybCI6Imh0dHBzOlwvXC9tYnMuZWR1LmNvXC93cC1jb250ZW50XC91cGxvYWRzXC8yMDI1XC8wNlwvUGxhbi1MZWN0b3ItRHVrZXMtMjUtMjYtMDEucG5nIn0%3D\">\n\t\t\t\t\t\t\t<img decoding=\"async\" width=\"768\" height=\"768\" src=\"https:\/\/mbs.edu.co\/wp-content\/uploads\/2025\/06\/Plan-Lector-Dukes-25-26-02.png\" class=\"attachment-medium_large size-medium_large wp-image-45397\" alt=\"\" srcset=\"https:\/\/mbs.edu.co\/wp-content\/uploads\/2025\/06\/Plan-Lector-Dukes-25-26-02.png 2250w, https:\/\/mbs.edu.co\/wp-content\/uploads\/2025\/06\/Plan-Lector-Dukes-25-26-02-300x300.png 300w, https:\/\/mbs.edu.co\/wp-content\/uploads\/2025\/06\/Plan-Lector-Dukes-25-26-02-1024x1024.png 1024w, https:\/\/mbs.edu.co\/wp-content\/uploads\/2025\/06\/Plan-Lector-Dukes-25-26-02-150x150.png 150w, https:\/\/mbs.edu.co\/wp-content\/uploads\/2025\/06\/Plan-Lector-Dukes-25-26-02-768x768.png 768w, https:\/\/mbs.edu.co\/wp-content\/uploads\/2025\/06\/Plan-Lector-Dukes-25-26-02-1536x1536.png 1536w, https:\/\/mbs.edu.co\/wp-content\/uploads\/2025\/06\/Plan-Lector-Dukes-25-26-02-2048x2048.png 2048w, https:\/\/mbs.edu.co\/wp-content\/uploads\/2025\/06\/Plan-Lector-Dukes-25-26-02-12x12.png 12w\" sizes=\"(max-width: 768px) 100vw, 768px\" \/>\t\t\t\t\t\t\t\t<\/a>\n\t\t\t\t\t\t\t\t\t\t\t\t\t\t\t<\/div>\n\t\t\t\t<div class=\"elementor-element elementor-element-356049e elementor-align-center elementor-widget elementor-widget-button\" data-id=\"356049e\" data-element_type=\"widget\" data-e-type=\"widget\" data-widget_type=\"button.default\">\n\t\t\t\t\t\t\t\t\t\t<a class=\"elementor-button elementor-button-link elementor-size-sm elementor-animation-shrink\" href=\"https:\/\/mbs.edu.co\/wp-content\/uploads\/2025\/06\/Plan-Lector-Dukes-25-26-01.pdf\" target=\"_blank\">\n\t\t\t\t\t\t<span class=\"elementor-button-content-wrapper\">\n\t\t\t\t\t\t\t\t\t<span class=\"elementor-button-text\">Reading Plan book Dukes download<\/span>\n\t\t\t\t\t<\/span>\n\t\t\t\t\t<\/a>\n\t\t\t\t\t\t\t\t<\/div>\n\t\t\t\t<\/div>\n\t\t<div class=\"elementor-element elementor-element-88f53fb e-con-full e-flex e-con e-child\" data-id=\"88f53fb\" data-element_type=\"container\" data-e-type=\"container\">\n\t\t\t\t<div class=\"elementor-element elementor-element-fce7b48 elementor-widget elementor-widget-image\" data-id=\"fce7b48\" data-element_type=\"widget\" data-e-type=\"widget\" data-widget_type=\"image.default\">\n\t\t\t\t\t\t\t\t\t\t\t\t\t\t\t\t<a href=\"https:\/\/mbs.edu.co\/wp-content\/uploads\/2025\/06\/Plan-Lector-Tr-25-25-01.png\" data-elementor-open-lightbox=\"yes\" data-elementor-lightbox-title=\"Plan Lector Tr 25-25-01\" data-e-action-hash=\"#elementor-action%3Aaction%3Dlightbox%26settings%3DeyJpZCI6NDUzOTksInVybCI6Imh0dHBzOlwvXC9tYnMuZWR1LmNvXC93cC1jb250ZW50XC91cGxvYWRzXC8yMDI1XC8wNlwvUGxhbi1MZWN0b3ItVHItMjUtMjUtMDEucG5nIn0%3D\">\n\t\t\t\t\t\t\t<img decoding=\"async\" width=\"1024\" height=\"1024\" src=\"https:\/\/mbs.edu.co\/wp-content\/uploads\/2025\/06\/Plan-Lector-Tr-25-25-02.png\" class=\"attachment-large size-large wp-image-45399\" alt=\"\" srcset=\"https:\/\/mbs.edu.co\/wp-content\/uploads\/2025\/06\/Plan-Lector-Tr-25-25-02.png 2250w, https:\/\/mbs.edu.co\/wp-content\/uploads\/2025\/06\/Plan-Lector-Tr-25-25-02-300x300.png 300w, https:\/\/mbs.edu.co\/wp-content\/uploads\/2025\/06\/Plan-Lector-Tr-25-25-02-1024x1024.png 1024w, https:\/\/mbs.edu.co\/wp-content\/uploads\/2025\/06\/Plan-Lector-Tr-25-25-02-150x150.png 150w, https:\/\/mbs.edu.co\/wp-content\/uploads\/2025\/06\/Plan-Lector-Tr-25-25-02-768x768.png 768w, https:\/\/mbs.edu.co\/wp-content\/uploads\/2025\/06\/Plan-Lector-Tr-25-25-02-1536x1536.png 1536w, https:\/\/mbs.edu.co\/wp-content\/uploads\/2025\/06\/Plan-Lector-Tr-25-25-02-2048x2048.png 2048w, https:\/\/mbs.edu.co\/wp-content\/uploads\/2025\/06\/Plan-Lector-Tr-25-25-02-12x12.png 12w\" sizes=\"(max-width: 1024px) 100vw, 1024px\" \/>\t\t\t\t\t\t\t\t<\/a>\n\t\t\t\t\t\t\t\t\t\t\t\t\t\t\t<\/div>\n\t\t\t\t<div class=\"elementor-element elementor-element-1b74b6d elementor-align-center elementor-widget elementor-widget-button\" data-id=\"1b74b6d\" data-element_type=\"widget\" data-e-type=\"widget\" data-widget_type=\"button.default\">\n\t\t\t\t\t\t\t\t\t\t<a class=\"elementor-button elementor-button-link elementor-size-sm elementor-animation-shrink\" href=\"https:\/\/mbs.edu.co\/wp-content\/uploads\/2025\/06\/Plan-Lector-Tr-25-25-01.pdf\" target=\"_blank\">\n\t\t\t\t\t\t<span class=\"elementor-button-content-wrapper\">\n\t\t\t\t\t\t\t\t\t<span class=\"elementor-button-text\">Reading Plan book Transition download<\/span>\n\t\t\t\t\t<\/span>\n\t\t\t\t\t<\/a>\n\t\t\t\t\t\t\t\t<\/div>\n\t\t\t\t<\/div>\n\t\t\t\t<\/div>\n\t\t\t\t<\/div>\n\t\t<div class=\"elementor-element elementor-element-4360307 e-con-full e-flex e-con e-parent\" data-id=\"4360307\" data-element_type=\"container\" data-e-type=\"container\">\n\t\t<div class=\"elementor-element elementor-element-479e6d3 e-con-full e-flex e-con e-child\" data-id=\"479e6d3\" data-element_type=\"container\" data-e-type=\"container\">\n\t\t\t\t<div class=\"elementor-element elementor-element-2fa52a5 elementor-widget__width-initial elementor-widget-tablet_extra__width-initial elementor-widget elementor-widget-text-editor\" data-id=\"2fa52a5\" data-element_type=\"widget\" data-e-type=\"widget\" data-widget_type=\"text-editor.default\">\n\t\t\t\t\t\t\t\t\t<p>We have created a promotion strategy to improve the quality of family life and support the emotional and affective development of the Montessori British School\u2019s children and youth.<\/p>\t\t\t\t\t\t\t\t<\/div>\n\t\t\t\t<div class=\"elementor-element elementor-element-1f82819 elementor-widget elementor-widget-heading\" data-id=\"1f82819\" data-element_type=\"widget\" data-e-type=\"widget\" data-widget_type=\"heading.default\">\n\t\t\t\t\t<h4 class=\"elementor-heading-title elementor-size-default\">If you want to know more about the School for Parents<\/h4>\t\t\t\t<\/div>\n\t\t\t\t<div class=\"elementor-element elementor-element-49000e4 elementor-align-center elementor-widget elementor-widget-button\" data-id=\"49000e4\" data-element_type=\"widget\" data-e-type=\"widget\" data-widget_type=\"button.default\">\n\t\t\t\t\t\t\t\t\t\t<a class=\"elementor-button elementor-button-link elementor-size-lg\" href=\"https:\/\/mbs.edu.co\/en\/escuela-de-padres\/\">\n\t\t\t\t\t\t<span class=\"elementor-button-content-wrapper\">\n\t\t\t\t\t\t\t\t\t<span class=\"elementor-button-text\">CLICK HERE<\/span>\n\t\t\t\t\t<\/span>\n\t\t\t\t\t<\/a>\n\t\t\t\t\t\t\t\t<\/div>\n\t\t\t\t<\/div>\n\t\t\t\t<\/div>\n\t\t<div class=\"elementor-element elementor-element-2208103 e-grid e-con-boxed e-con e-parent\" data-id=\"2208103\" data-element_type=\"container\" data-e-type=\"container\">\n\t\t\t\t\t<div class=\"e-con-inner\">\n\t\t<div class=\"elementor-element elementor-element-19aa949 e-con-full e-flex e-con e-child\" data-id=\"19aa949\" data-element_type=\"container\" data-e-type=\"container\">\n\t\t\t\t<div class=\"elementor-element elementor-element-8be0256 elementor-flip-box--effect-flip elementor-flip-box--direction-up elementor-widget elementor-widget-flip-box\" data-id=\"8be0256\" data-element_type=\"widget\" data-e-type=\"widget\" data-widget_type=\"flip-box.default\">\n\t\t\t\t\t\t\t<div class=\"elementor-flip-box\" tabindex=\"0\">\n\t\t\t<div class=\"elementor-flip-box__layer elementor-flip-box__front\">\n\t\t\t\t<div class=\"elementor-flip-box__layer__overlay\">\n\t\t\t\t\t<div class=\"elementor-flip-box__layer__inner\">\n\t\t\t\t\t\t\t\t\t\t\t\t\t<div class=\"elementor-icon-wrapper elementor-view-default\">\n\t\t\t\t\t\t\t\t<div class=\"elementor-icon\">\n\t\t\t\t\t\t\t\t\t<svg aria-hidden=\"true\" class=\"e-font-icon-svg e-fas-user\" viewbox=\"0 0 448 512\" xmlns=\"http:\/\/www.w3.org\/2000\/svg\"><path d=\"M224 256c70.7 0 128-57.3 128-128S294.7 0 224 0 96 57.3 96 128s57.3 128 128 128zm89.6 32h-16.7c-22.2 10.2-46.9 16-72.9 16s-50.6-5.8-72.9-16h-16.7C60.2 288 0 348.2 0 422.4V464c0 26.5 21.5 48 48 48h352c26.5 0 48-21.5 48-48v-41.6c0-74.2-60.2-134.4-134.4-134.4z\"><\/path><\/svg>\t\t\t\t\t\t\t\t<\/div>\n\t\t\t\t\t\t\t<\/div>\n\t\t\t\t\t\t\n\t\t\t\t\t\t\t\t\t\t\t\t\t<h3 class=\"elementor-flip-box__layer__title\">\n\t\t\t\t\t\t\t\tAccess to Canvas\t\t\t\t\t\t\t<\/h3>\n\t\t\t\t\t\t\n\t\t\t\t\t\t\t\t\t\t\t<\/div>\n\t\t\t\t<\/div>\n\t\t\t<\/div>\n\t\t\t<div class=\"elementor-flip-box__layer elementor-flip-box__back\">\n\t\t\t<div class=\"elementor-flip-box__layer__overlay\">\n\t\t\t\t<div class=\"elementor-flip-box__layer__inner\">\n\t\t\t\t\t\t\t\t\t\t\t<h3 class=\"elementor-flip-box__layer__title\">\n\t\t\t\t\t\t\tAccess to Canvas\t\t\t\t\t\t<\/h3>\n\t\t\t\t\t\n\t\t\t\t\t\n\t\t\t\t\t\t\t\t\t\t\t<a class=\"elementor-flip-box__button elementor-button elementor-size-sm\" href=\"https:\/\/mbs.edu.co\/en\/acceso-a-canvas\/\">\n\t\t\t\t\t\t\tCanva\t\t\t\t\t\t<\/a>\n\t\t\t\t\t\t\t\t<\/div>\n\t\t<\/div>\n\t\t<\/div>\n\t\t<\/div>\n\t\t\t\t\t\t<\/div>\n\t\t\t\t<\/div>\n\t\t<div class=\"elementor-element elementor-element-b1567c4 e-con-full e-flex e-con e-child\" data-id=\"b1567c4\" data-element_type=\"container\" data-e-type=\"container\">\n\t\t\t\t<div class=\"elementor-element elementor-element-bb0c270 elementor-flip-box--effect-flip elementor-flip-box--direction-up elementor-widget elementor-widget-flip-box\" data-id=\"bb0c270\" data-element_type=\"widget\" data-e-type=\"widget\" data-widget_type=\"flip-box.default\">\n\t\t\t\t\t\t\t<div class=\"elementor-flip-box\" tabindex=\"0\">\n\t\t\t<div class=\"elementor-flip-box__layer elementor-flip-box__front\">\n\t\t\t\t<div class=\"elementor-flip-box__layer__overlay\">\n\t\t\t\t\t<div class=\"elementor-flip-box__layer__inner\">\n\t\t\t\t\t\t\t\t\t\t\t\t\t<div class=\"elementor-icon-wrapper elementor-view-default\">\n\t\t\t\t\t\t\t\t<div class=\"elementor-icon\">\n\t\t\t\t\t\t\t\t\t<svg aria-hidden=\"true\" class=\"e-font-icon-svg e-fas-angle-double-right\" viewbox=\"0 0 448 512\" xmlns=\"http:\/\/www.w3.org\/2000\/svg\"><path d=\"M224.3 273l-136 136c-9.4 9.4-24.6 9.4-33.9 0l-22.6-22.6c-9.4-9.4-9.4-24.6 0-33.9l96.4-96.4-96.4-96.4c-9.4-9.4-9.4-24.6 0-33.9L54.3 103c9.4-9.4 24.6-9.4 33.9 0l136 136c9.5 9.4 9.5 24.6.1 34zm192-34l-136-136c-9.4-9.4-24.6-9.4-33.9 0l-22.6 22.6c-9.4 9.4-9.4 24.6 0 33.9l96.4 96.4-96.4 96.4c-9.4 9.4-9.4 24.6 0 33.9l22.6 22.6c9.4 9.4 24.6 9.4 33.9 0l136-136c9.4-9.2 9.4-24.4 0-33.8z\"><\/path><\/svg>\t\t\t\t\t\t\t\t<\/div>\n\t\t\t\t\t\t\t<\/div>\n\t\t\t\t\t\t\n\t\t\t\t\t\t\t\t\t\t\t\t\t<h3 class=\"elementor-flip-box__layer__title\">\n\t\t\t\t\t\t\t\tEASY SCHOOL PARENTS\t\t\t\t\t\t\t<\/h3>\n\t\t\t\t\t\t\n\t\t\t\t\t\t\t\t\t\t\t<\/div>\n\t\t\t\t<\/div>\n\t\t\t<\/div>\n\t\t\t<div class=\"elementor-flip-box__layer elementor-flip-box__back\">\n\t\t\t<div class=\"elementor-flip-box__layer__overlay\">\n\t\t\t\t<div class=\"elementor-flip-box__layer__inner\">\n\t\t\t\t\t\t\t\t\t\t\t<h3 class=\"elementor-flip-box__layer__title\">\n\t\t\t\t\t\t\tEASY SCHOOL PARENTS\t\t\t\t\t\t<\/h3>\n\t\t\t\t\t\n\t\t\t\t\t\n\t\t\t\t\t\t\t\t\t\t\t<a class=\"elementor-flip-box__button elementor-button elementor-size-sm\" href=\"http:\/\/www.montessorischool.edu.co\/EASYSCHOOLPARENTS\/\" target=\"_blank\" rel=\"nofollow\">\n\t\t\t\t\t\t\tAccess\t\t\t\t\t\t<\/a>\n\t\t\t\t\t\t\t\t<\/div>\n\t\t<\/div>\n\t\t<\/div>\n\t\t<\/div>\n\t\t\t\t\t\t<\/div>\n\t\t\t\t<\/div>\n\t\t\t\t\t<\/div>\n\t\t\t\t<\/div>\n\t\t\t\t<\/div>","protected":false},"excerpt":{"rendered":"<p>PLAN LECTOR Aqu\u00ed encontrar\u00e1n el plan lector que su hijo\/a va a trabajar en el a\u00f1o acad\u00e9mico 2025\u20132026. Descargar plan Lector Earls Descargar plan Lector Dukes Descargar plan Lector Transici\u00f3n Hemos creado una estrategia de promoci\u00f3n para el mejoramiento de la calidad de vida familiar con el fin de favorecer el desarrollo emocional y afectivo&hellip;&nbsp;<a href=\"https:\/\/mbs.edu.co\/en\/preescolar\/\" rel=\"bookmark\">Read More &raquo;<span class=\"screen-reader-text\">Preschool<\/span><\/a><\/p>","protected":false},"author":6,"featured_media":0,"parent":0,"menu_order":0,"comment_status":"closed","ping_status":"closed","template":"elementor_header_footer","meta":{"neve_meta_sidebar":"","neve_meta_container":"","neve_meta_enable_content_width":"","neve_meta_content_width":0,"neve_meta_title_alignment":"","neve_meta_author_avatar":"","neve_post_elements_order":"","neve_meta_disable_header":"","neve_meta_disable_footer":"","neve_meta_disable_title":"","footnotes":""},"class_list":["post-2","page","type-page","status-publish","hentry"],"yoast_head":"<!-- This site is optimized with the Yoast SEO plugin v27.4 - https:\/\/yoast.com\/product\/yoast-seo-wordpress\/ -->\n<title>Preescolar Plan Lector<\/title>\n<meta name=\"description\" content=\"Preescolar Plan Lector: Aqu\u00ed encontrar\u00e1n el plan lector que su hijo\/a va a trabajar en el a\u00f1o acad\u00e9mico 2023\u20132024.\" \/>\n<meta name=\"robots\" content=\"index, follow, max-snippet:-1, max-image-preview:large, max-video-preview:-1\" \/>\n<link rel=\"canonical\" href=\"https:\/\/mbs.edu.co\/en\/preescolar\/\" \/>\n<meta property=\"og:locale\" content=\"en_GB\" \/>\n<meta property=\"og:type\" content=\"article\" \/>\n<meta property=\"og:title\" content=\"Preescolar Plan Lector\" \/>\n<meta property=\"og:description\" content=\"Preescolar Plan Lector: Aqu\u00ed encontrar\u00e1n el plan lector que su hijo\/a va a trabajar en el a\u00f1o acad\u00e9mico 2023\u20132024.\" \/>\n<meta property=\"og:url\" content=\"https:\/\/mbs.edu.co\/en\/preescolar\/\" \/>\n<meta property=\"og:site_name\" content=\"Montessori British School\" \/>\n<meta property=\"article:publisher\" content=\"https:\/\/www.facebook.com\/montessoribritishschool\" \/>\n<meta property=\"article:modified_time\" content=\"2025-10-16T21:11:50+00:00\" \/>\n<meta property=\"og:image\" content=\"https:\/\/mbs.edu.co\/wp-content\/uploads\/2025\/06\/Plan-Lector-Earls-25-26-01.png\" \/>\n\t<meta property=\"og:image:width\" content=\"2250\" \/>\n\t<meta property=\"og:image:height\" content=\"2250\" \/>\n\t<meta property=\"og:image:type\" content=\"image\/png\" \/>\n<meta name=\"twitter:card\" content=\"summary_large_image\" \/>\n<meta name=\"twitter:label1\" content=\"Estimated reading time\" \/>\n\t<meta name=\"twitter:data1\" content=\"1 minute\" \/>\n<script type=\"application\/ld+json\" class=\"yoast-schema-graph\">{\"@context\":\"https:\\\/\\\/schema.org\",\"@graph\":[{\"@type\":\"WebPage\",\"@id\":\"https:\\\/\\\/mbs.edu.co\\\/preescolar\\\/\",\"url\":\"https:\\\/\\\/mbs.edu.co\\\/preescolar\\\/\",\"name\":\"Preescolar Plan Lector\",\"isPartOf\":{\"@id\":\"https:\\\/\\\/mbs.edu.co\\\/#website\"},\"primaryImageOfPage\":{\"@id\":\"https:\\\/\\\/mbs.edu.co\\\/preescolar\\\/#primaryimage\"},\"image\":{\"@id\":\"https:\\\/\\\/mbs.edu.co\\\/preescolar\\\/#primaryimage\"},\"thumbnailUrl\":\"https:\\\/\\\/mbs.edu.co\\\/wp-content\\\/uploads\\\/2025\\\/06\\\/Plan-Lector-Earls-25-26-01-1024x1024.png\",\"datePublished\":\"2020-10-06T17:04:22+00:00\",\"dateModified\":\"2025-10-16T21:11:50+00:00\",\"description\":\"Preescolar Plan Lector: Aqu\u00ed encontrar\u00e1n el plan lector que su hijo\\\/a va a trabajar en el a\u00f1o acad\u00e9mico 2023\u20132024.\",\"breadcrumb\":{\"@id\":\"https:\\\/\\\/mbs.edu.co\\\/preescolar\\\/#breadcrumb\"},\"inLanguage\":\"en-GB\",\"potentialAction\":[{\"@type\":\"ReadAction\",\"target\":[\"https:\\\/\\\/mbs.edu.co\\\/preescolar\\\/\"]}]},{\"@type\":\"ImageObject\",\"inLanguage\":\"en-GB\",\"@id\":\"https:\\\/\\\/mbs.edu.co\\\/preescolar\\\/#primaryimage\",\"url\":\"https:\\\/\\\/mbs.edu.co\\\/wp-content\\\/uploads\\\/2025\\\/06\\\/Plan-Lector-Earls-25-26-01-1024x1024.png\",\"contentUrl\":\"https:\\\/\\\/mbs.edu.co\\\/wp-content\\\/uploads\\\/2025\\\/06\\\/Plan-Lector-Earls-25-26-01-1024x1024.png\"},{\"@type\":\"BreadcrumbList\",\"@id\":\"https:\\\/\\\/mbs.edu.co\\\/preescolar\\\/#breadcrumb\",\"itemListElement\":[{\"@type\":\"ListItem\",\"position\":1,\"name\":\"Portada\",\"item\":\"https:\\\/\\\/mbs.edu.co\\\/\"},{\"@type\":\"ListItem\",\"position\":2,\"name\":\"Preescolar\"}]},{\"@type\":\"WebSite\",\"@id\":\"https:\\\/\\\/mbs.edu.co\\\/#website\",\"url\":\"https:\\\/\\\/mbs.edu.co\\\/\",\"name\":\"Montessori British School\",\"description\":\"Colegio mixto calendario B, internacional, multiling\u00fce e intercultural que basa su ense\u00f1anza en la creatividad y la expresi\u00f3n.\",\"publisher\":{\"@id\":\"https:\\\/\\\/mbs.edu.co\\\/#organization\"},\"potentialAction\":[{\"@type\":\"SearchAction\",\"target\":{\"@type\":\"EntryPoint\",\"urlTemplate\":\"https:\\\/\\\/mbs.edu.co\\\/?s={search_term_string}\"},\"query-input\":{\"@type\":\"PropertyValueSpecification\",\"valueRequired\":true,\"valueName\":\"search_term_string\"}}],\"inLanguage\":\"en-GB\"},{\"@type\":\"Organization\",\"@id\":\"https:\\\/\\\/mbs.edu.co\\\/#organization\",\"name\":\"Montessori British School\",\"url\":\"https:\\\/\\\/mbs.edu.co\\\/\",\"logo\":{\"@type\":\"ImageObject\",\"inLanguage\":\"en-GB\",\"@id\":\"https:\\\/\\\/mbs.edu.co\\\/#\\\/schema\\\/logo\\\/image\\\/\",\"url\":\"https:\\\/\\\/mbs.edu.co\\\/wp-content\\\/uploads\\\/2020\\\/10\\\/LOGO-MBS-montessori-2.png\",\"contentUrl\":\"https:\\\/\\\/mbs.edu.co\\\/wp-content\\\/uploads\\\/2020\\\/10\\\/LOGO-MBS-montessori-2.png\",\"width\":800,\"height\":366,\"caption\":\"Montessori British School\"},\"image\":{\"@id\":\"https:\\\/\\\/mbs.edu.co\\\/#\\\/schema\\\/logo\\\/image\\\/\"},\"sameAs\":[\"https:\\\/\\\/www.facebook.com\\\/montessoribritishschool\",\"https:\\\/\\\/www.instagram.com\\\/oficialmbs\\\/\",\"https:\\\/\\\/www.linkedin.com\\\/company\\\/montessori-british-school-mbs\\\/mycompany\\\/?viewAsMember=true\"]}]}<\/script>\n<!-- \/ Yoast SEO plugin. -->","yoast_head_json":{"title":"Preescolar Plan Lector","description":"Preescolar Plan Lector: Aqu\u00ed encontrar\u00e1n el plan lector que su hijo\/a va a trabajar en el a\u00f1o acad\u00e9mico 2023\u20132024.","robots":{"index":"index","follow":"follow","max-snippet":"max-snippet:-1","max-image-preview":"max-image-preview:large","max-video-preview":"max-video-preview:-1"},"canonical":"https:\/\/mbs.edu.co\/en\/preescolar\/","og_locale":"en_GB","og_type":"article","og_title":"Preescolar Plan Lector","og_description":"Preescolar Plan Lector: Aqu\u00ed encontrar\u00e1n el plan lector que su hijo\/a va a trabajar en el a\u00f1o acad\u00e9mico 2023\u20132024.","og_url":"https:\/\/mbs.edu.co\/en\/preescolar\/","og_site_name":"Montessori British School","article_publisher":"https:\/\/www.facebook.com\/montessoribritishschool","article_modified_time":"2025-10-16T21:11:50+00:00","og_image":[{"width":2250,"height":2250,"url":"https:\/\/mbs.edu.co\/wp-content\/uploads\/2025\/06\/Plan-Lector-Earls-25-26-01.png","type":"image\/png"}],"twitter_card":"summary_large_image","twitter_misc":{"Estimated reading time":"1 minute"},"schema":{"@context":"https:\/\/schema.org","@graph":[{"@type":"WebPage","@id":"https:\/\/mbs.edu.co\/preescolar\/","url":"https:\/\/mbs.edu.co\/preescolar\/","name":"Preescolar Plan Lector","isPartOf":{"@id":"https:\/\/mbs.edu.co\/#website"},"primaryImageOfPage":{"@id":"https:\/\/mbs.edu.co\/preescolar\/#primaryimage"},"image":{"@id":"https:\/\/mbs.edu.co\/preescolar\/#primaryimage"},"thumbnailUrl":"https:\/\/mbs.edu.co\/wp-content\/uploads\/2025\/06\/Plan-Lector-Earls-25-26-01-1024x1024.png","datePublished":"2020-10-06T17:04:22+00:00","dateModified":"2025-10-16T21:11:50+00:00","description":"Preescolar Plan Lector: Aqu\u00ed encontrar\u00e1n el plan lector que su hijo\/a va a trabajar en el a\u00f1o acad\u00e9mico 2023\u20132024.","breadcrumb":{"@id":"https:\/\/mbs.edu.co\/preescolar\/#breadcrumb"},"inLanguage":"en-GB","potentialAction":[{"@type":"ReadAction","target":["https:\/\/mbs.edu.co\/preescolar\/"]}]},{"@type":"ImageObject","inLanguage":"en-GB","@id":"https:\/\/mbs.edu.co\/preescolar\/#primaryimage","url":"https:\/\/mbs.edu.co\/wp-content\/uploads\/2025\/06\/Plan-Lector-Earls-25-26-01-1024x1024.png","contentUrl":"https:\/\/mbs.edu.co\/wp-content\/uploads\/2025\/06\/Plan-Lector-Earls-25-26-01-1024x1024.png"},{"@type":"BreadcrumbList","@id":"https:\/\/mbs.edu.co\/preescolar\/#breadcrumb","itemListElement":[{"@type":"ListItem","position":1,"name":"Portada","item":"https:\/\/mbs.edu.co\/"},{"@type":"ListItem","position":2,"name":"Preescolar"}]},{"@type":"WebSite","@id":"https:\/\/mbs.edu.co\/#website","url":"https:\/\/mbs.edu.co\/","name":"Montessori British School","description":"Colegio mixto calendario B, internacional, multiling\u00fce e intercultural que basa su ense\u00f1anza en la creatividad y la expresi\u00f3n.","publisher":{"@id":"https:\/\/mbs.edu.co\/#organization"},"potentialAction":[{"@type":"SearchAction","target":{"@type":"EntryPoint","urlTemplate":"https:\/\/mbs.edu.co\/?s={search_term_string}"},"query-input":{"@type":"PropertyValueSpecification","valueRequired":true,"valueName":"search_term_string"}}],"inLanguage":"en-GB"},{"@type":"Organization","@id":"https:\/\/mbs.edu.co\/#organization","name":"Montessori British School","url":"https:\/\/mbs.edu.co\/","logo":{"@type":"ImageObject","inLanguage":"en-GB","@id":"https:\/\/mbs.edu.co\/#\/schema\/logo\/image\/","url":"https:\/\/mbs.edu.co\/wp-content\/uploads\/2020\/10\/LOGO-MBS-montessori-2.png","contentUrl":"https:\/\/mbs.edu.co\/wp-content\/uploads\/2020\/10\/LOGO-MBS-montessori-2.png","width":800,"height":366,"caption":"Montessori British School"},"image":{"@id":"https:\/\/mbs.edu.co\/#\/schema\/logo\/image\/"},"sameAs":["https:\/\/www.facebook.com\/montessoribritishschool","https:\/\/www.instagram.com\/oficialmbs\/","https:\/\/www.linkedin.com\/company\/montessori-british-school-mbs\/mycompany\/?viewAsMember=true"]}]}},"_links":{"self":[{"href":"https:\/\/mbs.edu.co\/en\/wp-json\/wp\/v2\/pages\/2","targetHints":{"allow":["GET"]}}],"collection":[{"href":"https:\/\/mbs.edu.co\/en\/wp-json\/wp\/v2\/pages"}],"about":[{"href":"https:\/\/mbs.edu.co\/en\/wp-json\/wp\/v2\/types\/page"}],"author":[{"embeddable":true,"href":"https:\/\/mbs.edu.co\/en\/wp-json\/wp\/v2\/users\/6"}],"replies":[{"embeddable":true,"href":"https:\/\/mbs.edu.co\/en\/wp-json\/wp\/v2\/comments?post=2"}],"version-history":[{"count":33,"href":"https:\/\/mbs.edu.co\/en\/wp-json\/wp\/v2\/pages\/2\/revisions"}],"predecessor-version":[{"id":47808,"href":"https:\/\/mbs.edu.co\/en\/wp-json\/wp\/v2\/pages\/2\/revisions\/47808"}],"wp:attachment":[{"href":"https:\/\/mbs.edu.co\/en\/wp-json\/wp\/v2\/media?parent=2"}],"curies":[{"name":"wp","href":"https:\/\/api.w.org\/{rel}","templated":true}]}}